{"id":854,"date":"2021-05-09T22:54:43","date_gmt":"2021-05-09T20:54:43","guid":{"rendered":"https:\/\/idee.gilles.link\/?page_id=854"},"modified":"2023-02-27T09:27:19","modified_gmt":"2023-02-27T08:27:19","slug":"utilisation","status":"publish","type":"page","link":"https:\/\/idee.gilles.link\/index.php\/vision\/utilisation\/","title":{"rendered":"Pour quelles utilisations"},"content":{"rendered":"<div id=\"pl-854\"  class=\"panel-layout\" ><div id=\"pg-854-0\"  class=\"panel-grid panel-no-style\" ><div id=\"pgc-854-0-0\"  class=\"panel-grid-cell\" ><div id=\"panel-854-0-0-0\" class=\"so-panel widget widget_sow-editor panel-first-child panel-last-child\" data-index=\"0\" ><div\n\t\t\t\n\t\t\tclass=\"so-widget-sow-editor so-widget-sow-editor-base\"\n\t\t\t\n\t\t>\n<div class=\"siteorigin-widget-tinymce textwidget\">\n\t<h1>Pour quelles utilisations ?<\/h1>\n<p style=\"padding-left: 40px;\">Beaucoup ne comprendront pas que je n'avance pas ici dans ce d\u00e9bat.<\/p>\n<p style=\"padding-left: 40px;\">Pour moi le premier consensus \u00e0 trouver est d'avoir un syst\u00e8me solide pour vraiment compter ce qui a une forte valeur. (ou contre valeur dans le cas des \u00e9missions ).<\/p>\n<p style=\"padding-left: 40px;\">Pour comparer les\u00a0 syst\u00e8me de quotas, \u00e0 la production ou \u00e0 la consommation,\u00a0 d'\u00e9changes, de taxes ... il faut avancer sur leurs bases de calcul.<\/p>\n<p style=\"padding-left: 40px;\">Je suis convaincu que pour supporter un m\u00eame niveau de contrainte \u00e9lev\u00e9 tel que celui de la neutralit\u00e9 carbone, et \"chasser jusqu'\u00e0 la derni\u00e8re fum\u00e9e\", quelque soit l'approche retenue, les exigences de comptabilit\u00e9 sont proches.<\/p>\n<p style=\"padding-left: 40px;\">A contrario, une fois sur de bons rails , je ne doute pas que les discussions iront bon train.<\/p>\n<p>\u00a0\u00a0\u00a0\u00a0\u00a0\u00a0\u00a0\u00a0\u00a0 Pour aller plus loin sur la question des quotas, je vous dirige vers <a href=\"https:\/\/www.allocationclimat.fr\/\">www.allocationclimat.fr<\/a> auquel j'ai collabor\u00e9 et vers\u00a0<a href=\"https:\/\/comptecarbone.cc\/\">https:\/\/comptecarbone.cc\/<\/a><\/p>\n<p style=\"padding-left: 40px;\">Son principe est \u00e9galement d\u00e9taill\u00e9 sur une page <a href=\"https:\/\/fr.wikipedia.org\/wiki\/Compte_carbone\">Wikip\u00e9dia<\/a><\/p>\n<h1>Monnaie or not money ?<\/h1>\n<p style=\"padding-left: 40px;\">La proposition consiste \u00e0 donner une <span style=\"color: #008cff;\">valeur<\/span> \u00e0 ce qui compte, le <span style=\"color: #008cff;\">futur<\/span> du r\u00e9chauffement climatique,<\/p>\n<p style=\"padding-left: 40px;\">\u00e0 savoir <span style=\"color: #008cff;\">mesurer<\/span> cette valeur<\/p>\n<p style=\"padding-left: 40px;\">et \u00e0 donner <span style=\"color: #008cff;\">confiance<\/span> dans cette mesure.<\/p>\n<p style=\"padding-left: 40px;\">A partir de l\u00e0, suivant l\u2019utilisation de cette mesure, il sera possible ou non d\u2019\u00e9changer cette valeur, de convertir ou non en unit\u00e9 mon\u00e9taire \u2026<\/p>\n<p style=\"padding-left: 40px;\">Ce qui ne sera pas possible, ce sera de cr\u00e9er de nouvelles quantit\u00e9s : elles ne feront que diminuer, ce qui par la <span style=\"color: #008cff;\">raret\u00e9<\/span> en augmentera la valeur.<\/p>\n<p style=\"padding-left: 40px;\">Ma conclusion serait que si le poids carbone a certains attributs d\u2019une monnaie, il n\u2019en n\u2019est pas une . Mais il contribuera \u00e0 changer nos valeurs.<\/p>\n<\/div>\n<\/div><\/div><\/div><div id=\"pgc-854-0-1\"  class=\"panel-grid-cell\" ><div id=\"panel-854-0-1-0\" class=\"so-panel widget widget_sow-image panel-first-child panel-last-child\" data-index=\"1\" ><div\n\t\t\t\n\t\t\tclass=\"so-widget-sow-image so-widget-sow-image-default-8b5b6f678277-854\"\n\t\t\t\n\t\t>\n\n<div class=\"sow-image-container\">\n\t\t\t<a href=\"https:\/\/idee.gilles.link\/index.php\/vision\/\"\n\t\t\t\t\t>\n\t\t\t<img loading=\"lazy\" decoding=\"async\" src=\"https:\/\/idee.gilles.link\/wp-content\/uploads\/2021\/05\/retour-1.png\" width=\"70\" height=\"70\" sizes=\"auto, (max-width: 70px) 100vw, 70px\" title=\"retour\" alt=\"\" \t\tclass=\"so-widget-image\"\/>\n\t<\/a><\/div>\n\n<\/div><\/div><\/div><\/div><div id=\"pg-854-1\"  class=\"panel-grid panel-no-style\" ><div id=\"pgc-854-1-0\"  class=\"panel-grid-cell\" ><div id=\"panel-854-1-0-0\" class=\"so-panel widget widget_sow-editor panel-first-child panel-last-child\" data-index=\"2\" ><div\n\t\t\t\n\t\t\tclass=\"so-widget-sow-editor so-widget-sow-editor-base\"\n\t\t\t\n\t\t>\n<div class=\"siteorigin-widget-tinymce textwidget\">\n\t<p>Maj : F\u00e9vrier 2022<\/p>\n<\/div>\n<\/div><\/div><\/div><\/div><\/div>","protected":false},"excerpt":{"rendered":"<p>Pour quelles utilisations ? Beaucoup ne comprendront pas que je n&rsquo;avance pas ici dans ce d\u00e9bat. Pour moi le premier consensus \u00e0 trouver est d&rsquo;avoir un syst\u00e8me solide pour vraiment compter ce qui a une forte valeur. (ou contre valeur dans le cas des \u00e9missions ). Pour comparer les\u00a0 syst\u00e8me de quotas, \u00e0 la production [&hellip;]<\/p>\n","protected":false},"author":1,"featured_media":0,"parent":98,"menu_order":21,"comment_status":"closed","ping_status":"closed","template":"templates\/template-full-notitle.php","meta":{"footnotes":""},"class_list":["post-854","page","type-page","status-publish","hentry"],"_links":{"self":[{"href":"https:\/\/idee.gilles.link\/index.php\/wp-json\/wp\/v2\/pages\/854","targetHints":{"allow":["GET"]}}],"collection":[{"href":"https:\/\/idee.gilles.link\/index.php\/wp-json\/wp\/v2\/pages"}],"about":[{"href":"https:\/\/idee.gilles.link\/index.php\/wp-json\/wp\/v2\/types\/page"}],"author":[{"embeddable":true,"href":"https:\/\/idee.gilles.link\/index.php\/wp-json\/wp\/v2\/users\/1"}],"replies":[{"embeddable":true,"href":"https:\/\/idee.gilles.link\/index.php\/wp-json\/wp\/v2\/comments?post=854"}],"version-history":[{"count":4,"href":"https:\/\/idee.gilles.link\/index.php\/wp-json\/wp\/v2\/pages\/854\/revisions"}],"predecessor-version":[{"id":1228,"href":"https:\/\/idee.gilles.link\/index.php\/wp-json\/wp\/v2\/pages\/854\/revisions\/1228"}],"up":[{"embeddable":true,"href":"https:\/\/idee.gilles.link\/index.php\/wp-json\/wp\/v2\/pages\/98"}],"wp:attachment":[{"href":"https:\/\/idee.gilles.link\/index.php\/wp-json\/wp\/v2\/media?parent=854"}],"curies":[{"name":"wp","href":"https:\/\/api.w.org\/{rel}","templated":true}]}}