{"id":64,"date":"2021-05-04T18:57:26","date_gmt":"2021-05-04T16:57:26","guid":{"rendered":"https:\/\/idee.gilles.link\/?page_id=64"},"modified":"2023-02-27T09:15:17","modified_gmt":"2023-02-27T08:15:17","slug":"comptabilite","status":"publish","type":"page","link":"https:\/\/idee.gilles.link\/index.php\/directrices\/comptabilite\/","title":{"rendered":"Comptabilit\u00e9"},"content":{"rendered":"<div id=\"pl-64\"  class=\"panel-layout\" ><div id=\"pg-64-0\"  class=\"panel-grid panel-no-style\" ><div id=\"pgc-64-0-0\"  class=\"panel-grid-cell\" ><div id=\"panel-64-0-0-0\" class=\"so-panel widget widget_sow-editor panel-first-child panel-last-child\" data-index=\"0\" ><div\n\t\t\t\n\t\t\tclass=\"so-widget-sow-editor so-widget-sow-editor-base\"\n\t\t\t\n\t\t>\n<div class=\"siteorigin-widget-tinymce textwidget\">\n\t<h1>Comptabilit\u00e9 carbone simplifi\u00e9e vs g\u00e9n\u00e9rale<\/h1>\n<p style=\"padding-left: 40px;\">Le tableau ci dessous compare quelques termes de la comptabilit\u00e9 dans les deux approches \"comptabilit\u00e9 g\u00e9n\u00e9rale\" qui est la comptabilit\u00e9 existante et la \"comptabilit\u00e9 carbone\" propos\u00e9e.<\/p>\n<table style=\"height: 39px;\" width=\"1073\">\n<tbody>\n<tr>\n<td width=\"163\"><\/td>\n<td style=\"text-align: center;\" width=\"375\"><strong>Carbone simplifi\u00e9e<\/strong><\/td>\n<td style=\"text-align: center;\" width=\"397\"><strong>g\u00e9n\u00e9rale<\/strong><\/td>\n<\/tr>\n<\/tbody>\n<\/table>\n<table style=\"height: 31px;\" width=\"1074\">\n<tbody>\n<tr>\n<td width=\"163\">Unit\u00e9 de compte<\/td>\n<td width=\"375\">Kg CO2 eq<\/td>\n<td width=\"397\">Euros<\/td>\n<\/tr>\n<\/tbody>\n<\/table>\n<table style=\"height: 51px;\" width=\"1077\">\n<tbody>\n<tr>\n<td width=\"163\">Facture<\/td>\n<td width=\"375\">Quantit\u00e9 livr\u00e9e + Euros factur\u00e9s + d\u00e9lai paiement euros<\/p>\n<p>+ <u>kg CO2 eq factur\u00e9s<\/u><\/p>\n<\/td>\n<td width=\"397\">Quantit\u00e9 livr\u00e9e + Euros factur\u00e9s + d\u00e9lai paiement euros<\/td>\n<\/tr>\n<\/tbody>\n<\/table>\n<table style=\"height: 65px;\" width=\"1079\">\n<tbody>\n<tr>\n<td width=\"163\">Passif<\/td>\n<td width=\"375\">Situation fin d\u2019exercice des dettes vis \u00e0 vis des exercices futures de l\u2019entreprise<\/td>\n<td width=\"397\">Situation fin d\u2019exercice des dettes vis \u00e0 vis <u>des tiers <\/u>et de l\u2019entreprise<\/td>\n<\/tr>\n<\/tbody>\n<\/table>\n<table style=\"height: 50px;\" width=\"1081\">\n<tbody>\n<tr>\n<td width=\"163\">Paiement<\/td>\n<td width=\"375\">Paiement = facture<\/td>\n<td width=\"397\">Facture g\u00e9n\u00e8re une <u>dette<\/u> rembours\u00e9e par le paiement<\/td>\n<\/tr>\n<\/tbody>\n<\/table>\n<table style=\"height: 57px;\" width=\"1080\">\n<tbody>\n<tr>\n<td width=\"163\">performance<\/td>\n<td width=\"375\"><u>\u00c9quilibrer<\/u> charge et produit.<\/p>\n<p>On peut aussi viser \u00e0 r\u00e9duire l'intensit\u00e9 d'\u00e9mission<\/p>\n<\/td>\n<td width=\"397\">Augmenter la diff\u00e9rence produit-charge<\/td>\n<\/tr>\n<\/tbody>\n<\/table>\n<table style=\"height: 101px;\" width=\"1079\">\n<tbody>\n<tr>\n<td rowspan=\"2\" width=\"163\">Financement<\/td>\n<td width=\"375\">Etalement des charges<\/td>\n<td width=\"397\">Apport de capital ou dette<\/td>\n<\/tr>\n<tr>\n<td width=\"375\">Autoris\u00e9 par la tutelle<\/td>\n<td width=\"397\">Allou\u00e9 par march\u00e9 et r\u00e9mun\u00e9r\u00e9 par l\u2019entreprise<\/td>\n<\/tr>\n<\/tbody>\n<\/table>\n<table style=\"height: 49px;\" width=\"1079\">\n<tbody>\n<tr>\n<td width=\"163\">Ajout\u00e9e<\/td>\n<td width=\"375\">Emissions ajout\u00e9es = directes<\/td>\n<td width=\"397\">Valeur ajout\u00e9e<\/td>\n<\/tr>\n<\/tbody>\n<\/table>\n<\/div>\n<\/div><\/div><\/div><div id=\"pgc-64-0-1\"  class=\"panel-grid-cell\" ><div id=\"panel-64-0-1-0\" class=\"so-panel widget widget_sow-image panel-first-child panel-last-child\" data-index=\"1\" ><div\n\t\t\t\n\t\t\tclass=\"so-widget-sow-image so-widget-sow-image-default-8b5b6f678277-64\"\n\t\t\t\n\t\t>\n\n<div class=\"sow-image-container\">\n\t\t\t<a href=\"https:\/\/idee.gilles.link\/index.php\/directrices\/\"\n\t\t\t\t\t>\n\t\t\t<img loading=\"lazy\" decoding=\"async\" src=\"https:\/\/idee.gilles.link\/wp-content\/uploads\/2021\/05\/retour-1.png\" width=\"70\" height=\"70\" sizes=\"auto, (max-width: 70px) 100vw, 70px\" title=\"retour\" alt=\"\" \t\tclass=\"so-widget-image\"\/>\n\t<\/a><\/div>\n\n<\/div><\/div><\/div><\/div><div id=\"pg-64-1\"  class=\"panel-grid panel-no-style\" ><div id=\"pgc-64-1-0\"  class=\"panel-grid-cell panel-grid-cell-mobile-last\" ><div id=\"panel-64-1-0-0\" class=\"so-panel widget widget_sow-editor panel-first-child panel-last-child\" data-index=\"2\" ><div\n\t\t\t\n\t\t\tclass=\"so-widget-sow-editor so-widget-sow-editor-base\"\n\t\t\t\n\t\t>\n<div class=\"siteorigin-widget-tinymce textwidget\">\n\t<p>Le sch\u00e9ma ci-dessous est une repr\u00e9sentation classique , mais en unit\u00e9 physique,\u00a0 du :<\/p>\n<p style=\"padding-left: 40px;\"><span style=\"color: #008cff;\">Bilan<\/span> : la photo en fin de p\u00e9riode des actifs de l'entreprise (ce qu'elle poss\u00e9d\u00e8) et de son passif (les dettes qu'elle \u00e0 contract\u00e9)<\/p>\n<p style=\"padding-left: 40px;\"><span style=\"color: #008cff;\">Compte de r\u00e9sultat<\/span> : le cumul sur la p\u00e9riode des charges (ce qu'elle ach\u00e8te, rembourse) et des produits (ce qu'elle vend, emprunte, ..)<\/p>\n<\/div>\n<\/div><\/div><\/div><div id=\"pgc-64-1-1\"  class=\"panel-grid-cell panel-grid-cell-empty\" ><\/div><\/div><div id=\"pg-64-2\"  class=\"panel-grid panel-no-style\" ><div id=\"pgc-64-2-0\"  class=\"panel-grid-cell\" ><div id=\"panel-64-2-0-0\" class=\"so-panel widget widget_sow-image panel-first-child panel-last-child\" data-index=\"3\" ><div\n\t\t\t\n\t\t\tclass=\"so-widget-sow-image so-widget-sow-image-default-8b5b6f678277-64\"\n\t\t\t\n\t\t>\n\n<div class=\"sow-image-container\">\n\t\t<img loading=\"lazy\" decoding=\"async\" src=\"https:\/\/idee.gilles.link\/wp-content\/uploads\/2021\/05\/compta.jpg\" width=\"1277\" height=\"764\" srcset=\"https:\/\/idee.gilles.link\/wp-content\/uploads\/2021\/05\/compta.jpg 1277w, https:\/\/idee.gilles.link\/wp-content\/uploads\/2021\/05\/compta-300x179.jpg 300w, https:\/\/idee.gilles.link\/wp-content\/uploads\/2021\/05\/compta-1024x613.jpg 1024w, https:\/\/idee.gilles.link\/wp-content\/uploads\/2021\/05\/compta-768x459.jpg 768w\" sizes=\"auto, (max-width: 1277px) 100vw, 1277px\" alt=\"\" \t\tclass=\"so-widget-image\"\/>\n\t<\/div>\n\n<\/div><\/div><\/div><div id=\"pgc-64-2-1\"  class=\"panel-grid-cell\" ><div id=\"panel-64-2-1-0\" class=\"so-panel widget widget_sow-image panel-first-child panel-last-child\" data-index=\"4\" ><div\n\t\t\t\n\t\t\tclass=\"so-widget-sow-image so-widget-sow-image-default-8b5b6f678277-64\"\n\t\t\t\n\t\t>\n\n<div class=\"sow-image-container\">\n\t\t\t<a href=\"https:\/\/idee.gilles.link\/index.php\/directrices\/comptabilite\/bilan\/\"\n\t\t\t\t\t>\n\t\t\t<img loading=\"lazy\" decoding=\"async\" src=\"https:\/\/idee.gilles.link\/wp-content\/uploads\/2021\/05\/notes-1.png\" width=\"70\" height=\"70\" sizes=\"auto, (max-width: 70px) 100vw, 70px\" title=\"notes\" alt=\"\" \t\tclass=\"so-widget-image\"\/>\n\t<\/a><\/div>\n\n<\/div><\/div><\/div><\/div><div id=\"pg-64-3\"  class=\"panel-grid panel-no-style\" ><div id=\"pgc-64-3-0\"  class=\"panel-grid-cell panel-grid-cell-mobile-last\" ><div id=\"panel-64-3-0-0\" class=\"so-panel widget widget_sow-image panel-first-child panel-last-child\" data-index=\"5\" ><div\n\t\t\t\n\t\t\tclass=\"so-widget-sow-image so-widget-sow-image-default-8b5b6f678277-64\"\n\t\t\t\n\t\t>\n\n<div class=\"sow-image-container\">\n\t\t<img loading=\"lazy\" decoding=\"async\" src=\"https:\/\/idee.gilles.link\/wp-content\/uploads\/2021\/05\/compta_2.jpg\" width=\"1918\" height=\"680\" srcset=\"https:\/\/idee.gilles.link\/wp-content\/uploads\/2021\/05\/compta_2.jpg 1918w, https:\/\/idee.gilles.link\/wp-content\/uploads\/2021\/05\/compta_2-300x106.jpg 300w, https:\/\/idee.gilles.link\/wp-content\/uploads\/2021\/05\/compta_2-1024x363.jpg 1024w, https:\/\/idee.gilles.link\/wp-content\/uploads\/2021\/05\/compta_2-768x272.jpg 768w, https:\/\/idee.gilles.link\/wp-content\/uploads\/2021\/05\/compta_2-1536x545.jpg 1536w\" sizes=\"auto, (max-width: 1918px) 100vw, 1918px\" alt=\"\" \t\tclass=\"so-widget-image\"\/>\n\t<\/div>\n\n<\/div><\/div><\/div><div id=\"pgc-64-3-1\"  class=\"panel-grid-cell panel-grid-cell-empty\" ><\/div><\/div><div id=\"pg-64-4\"  class=\"panel-grid panel-no-style\" ><div id=\"pgc-64-4-0\"  class=\"panel-grid-cell panel-grid-cell-mobile-last\" ><div id=\"panel-64-4-0-0\" class=\"so-panel widget widget_sow-editor panel-first-child panel-last-child\" data-index=\"6\" ><div\n\t\t\t\n\t\t\tclass=\"so-widget-sow-editor so-widget-sow-editor-base\"\n\t\t\t\n\t\t>\n<div class=\"siteorigin-widget-tinymce textwidget\">\n\t<p>Le sch\u00e9ma ci dessous montre comment \u00e9volue dans le temps la tol\u00e9rance sur l'\u00e9quilibrage\u00a0 entre charge et produit<\/p>\n<\/div>\n<\/div><\/div><\/div><div id=\"pgc-64-4-1\"  class=\"panel-grid-cell panel-grid-cell-empty\" ><\/div><\/div><div id=\"pg-64-5\"  class=\"panel-grid panel-no-style\" ><div id=\"pgc-64-5-0\"  class=\"panel-grid-cell\" ><div id=\"panel-64-5-0-0\" class=\"so-panel widget widget_sow-image panel-first-child panel-last-child\" data-index=\"7\" ><div\n\t\t\t\n\t\t\tclass=\"so-widget-sow-image so-widget-sow-image-default-8b5b6f678277-64\"\n\t\t\t\n\t\t>\n\n<div class=\"sow-image-container\">\n\t\t<img loading=\"lazy\" decoding=\"async\" src=\"https:\/\/idee.gilles.link\/wp-content\/uploads\/2021\/05\/compta_3.jpg\" width=\"1185\" height=\"679\" srcset=\"https:\/\/idee.gilles.link\/wp-content\/uploads\/2021\/05\/compta_3.jpg 1185w, https:\/\/idee.gilles.link\/wp-content\/uploads\/2021\/05\/compta_3-300x172.jpg 300w, https:\/\/idee.gilles.link\/wp-content\/uploads\/2021\/05\/compta_3-1024x587.jpg 1024w, https:\/\/idee.gilles.link\/wp-content\/uploads\/2021\/05\/compta_3-768x440.jpg 768w\" sizes=\"auto, (max-width: 1185px) 100vw, 1185px\" alt=\"\" \t\tclass=\"so-widget-image\"\/>\n\t<\/div>\n\n<\/div><\/div><\/div><div id=\"pgc-64-5-1\"  class=\"panel-grid-cell\" ><div id=\"panel-64-5-1-0\" class=\"so-panel widget widget_sow-image panel-first-child panel-last-child\" data-index=\"8\" ><div\n\t\t\t\n\t\t\tclass=\"so-widget-sow-image so-widget-sow-image-default-8b5b6f678277-64\"\n\t\t\t\n\t\t>\n\n<div class=\"sow-image-container\">\n\t\t\t<a href=\"https:\/\/idee.gilles.link\/index.php\/directrices\/comptabilite\/tolerance\/\"\n\t\t\t\t\t>\n\t\t\t<img loading=\"lazy\" decoding=\"async\" src=\"https:\/\/idee.gilles.link\/wp-content\/uploads\/2021\/05\/notes-1.png\" width=\"70\" height=\"70\" sizes=\"auto, (max-width: 70px) 100vw, 70px\" title=\"notes\" alt=\"\" \t\tclass=\"so-widget-image\"\/>\n\t<\/a><\/div>\n\n<\/div><\/div><\/div><\/div><div id=\"pg-64-6\"  class=\"panel-grid panel-no-style\" ><div id=\"pgc-64-6-0\"  class=\"panel-grid-cell\" ><div id=\"panel-64-6-0-0\" class=\"so-panel widget widget_sow-editor panel-first-child panel-last-child\" data-index=\"9\" ><div\n\t\t\t\n\t\t\tclass=\"so-widget-sow-editor so-widget-sow-editor-base\"\n\t\t\t\n\t\t><h3 class=\"widget-title\">Comptabilit\u00e9 carbone simplifi\u00e9e vs g\u00e9n\u00e9rale<\/h3>\n<div class=\"siteorigin-widget-tinymce textwidget\">\n\t<p>C\u2019est une comptabilit\u00e9 qui <span style=\"color: #008cff;\">re-utilise<\/span> la comptabilit\u00e9 g\u00e9n\u00e9rale<\/p>\n<ul>\n<li>Comptabilisation des factures : c\u2019est d\u00e9j\u00e0 fait<\/li>\n<li>Suivi des amortissement : c\u2019est d\u00e9j\u00e0 fait<\/li>\n<li>Suivis des stock : c\u2019est d\u00e9j\u00e0 fait<\/li>\n<\/ul>\n<p>Simplifi\u00e9e donc fortement automatisable<\/p>\n<p>Deux actes de gestion nouveaux<\/p>\n<ul>\n<li>Demande et suivi de d\u00e9rogations<\/li>\n<li>Calcul de poids carbone par produit\n<ul>\n<li>Logique et \u00e9l\u00e9ments des co\u00fbts de revient r\u00e9utilisables<\/li>\n<\/ul>\n<\/li>\n<\/ul>\n<\/div>\n<\/div><\/div><\/div><\/div><div id=\"pg-64-7\"  class=\"panel-grid panel-no-style\" ><div id=\"pgc-64-7-0\"  class=\"panel-grid-cell\" ><div id=\"panel-64-7-0-0\" class=\"so-panel widget widget_sow-editor panel-first-child panel-last-child\" data-index=\"10\" ><div\n\t\t\t\n\t\t\tclass=\"so-widget-sow-editor so-widget-sow-editor-base\"\n\t\t\t\n\t\t>\n<div class=\"siteorigin-widget-tinymce textwidget\">\n\t<p>Maj : F\u00e9vrier 2021<\/p>\n<\/div>\n<\/div><\/div><\/div><\/div><\/div>","protected":false},"excerpt":{"rendered":"<p>Comptabilit\u00e9 carbone simplifi\u00e9e vs g\u00e9n\u00e9rale Le tableau ci dessous compare quelques termes de la comptabilit\u00e9 dans les deux approches \u00ab\u00a0comptabilit\u00e9 g\u00e9n\u00e9rale\u00a0\u00bb qui est la comptabilit\u00e9 existante et la \u00ab\u00a0comptabilit\u00e9 carbone\u00a0\u00bb propos\u00e9e. Carbone simplifi\u00e9e g\u00e9n\u00e9rale Unit\u00e9 de compte Kg CO2 eq Euros Facture Quantit\u00e9 livr\u00e9e + Euros factur\u00e9s + d\u00e9lai paiement euros + kg CO2 eq [&hellip;]<\/p>\n","protected":false},"author":1,"featured_media":0,"parent":48,"menu_order":10,"comment_status":"closed","ping_status":"closed","template":"templates\/template-full-notitle.php","meta":{"footnotes":""},"class_list":["post-64","page","type-page","status-publish","hentry"],"_links":{"self":[{"href":"https:\/\/idee.gilles.link\/index.php\/wp-json\/wp\/v2\/pages\/64","targetHints":{"allow":["GET"]}}],"collection":[{"href":"https:\/\/idee.gilles.link\/index.php\/wp-json\/wp\/v2\/pages"}],"about":[{"href":"https:\/\/idee.gilles.link\/index.php\/wp-json\/wp\/v2\/types\/page"}],"author":[{"embeddable":true,"href":"https:\/\/idee.gilles.link\/index.php\/wp-json\/wp\/v2\/users\/1"}],"replies":[{"embeddable":true,"href":"https:\/\/idee.gilles.link\/index.php\/wp-json\/wp\/v2\/comments?post=64"}],"version-history":[{"count":4,"href":"https:\/\/idee.gilles.link\/index.php\/wp-json\/wp\/v2\/pages\/64\/revisions"}],"predecessor-version":[{"id":1190,"href":"https:\/\/idee.gilles.link\/index.php\/wp-json\/wp\/v2\/pages\/64\/revisions\/1190"}],"up":[{"embeddable":true,"href":"https:\/\/idee.gilles.link\/index.php\/wp-json\/wp\/v2\/pages\/48"}],"wp:attachment":[{"href":"https:\/\/idee.gilles.link\/index.php\/wp-json\/wp\/v2\/media?parent=64"}],"curies":[{"name":"wp","href":"https:\/\/api.w.org\/{rel}","templated":true}]}}