{"id":401,"date":"2021-05-06T18:57:02","date_gmt":"2021-05-06T16:57:02","guid":{"rendered":"https:\/\/idee.gilles.link\/?page_id=401"},"modified":"2023-02-27T09:21:10","modified_gmt":"2023-02-27T08:21:10","slug":"retro","status":"publish","type":"page","link":"https:\/\/idee.gilles.link\/index.php\/vision\/retro\/","title":{"rendered":"R\u00e9tro-obligations"},"content":{"rendered":"<div id=\"pl-401\"  class=\"panel-layout\" ><div id=\"pg-401-0\"  class=\"panel-grid panel-no-style\" ><div id=\"pgc-401-0-0\"  class=\"panel-grid-cell\" ><div id=\"panel-401-0-0-0\" class=\"so-panel widget widget_sow-editor panel-first-child panel-last-child\" data-index=\"0\" ><div\n\t\t\t\n\t\t\tclass=\"so-widget-sow-editor so-widget-sow-editor-base\"\n\t\t\t\n\t\t>\n<div class=\"siteorigin-widget-tinymce textwidget\">\n\t<h1>R\u00e9tro-obligations<\/h1>\n<p style=\"padding-left: 40px;\">Faire un r\u00e9troplanning, c\u2019est partir de la contrainte forte de devoir respecter une date , et d\u00e9terminer la date de d\u00e9but (et les ressources) de chaque tache pour respecter cette date de fin en mettant en \u00e9vidence les enchainements n\u00e9cessaires.<\/p>\n<p style=\"padding-left: 40px;\">Quand on demande \u00e0 un chef produit dans une situation donn\u00e9e quelle est la priorit\u00e9 entre les co\u00fbts, la qualit\u00e9, l\u2019innovation , beaucoup r\u00e9pondent la qualit\u00e9 et aussi tr\u00e8s important les couts mais il ne faut pas n\u00e9gliger l\u2019innovation .<\/p>\n<p style=\"padding-left: 40px;\">Non quand on demande une priorit\u00e9, elle est unique. On peut demander un ordre de priorit\u00e9 (pond\u00e9r\u00e9 ?) mais c\u2019est moins utile.<\/p>\n<p style=\"padding-left: 40px;\">Une obligation est une condition n\u00e9cessaire. La somme des conditions n\u00e9cessaires devrait s\u2019approcher de conditions suffisantes.<\/p>\n<p style=\"padding-left: 40px;\">Je m\u00eale ici ces trois approches dans ce que j\u2019appelle les r\u00e9tro-obligations.<\/p>\n<p style=\"padding-left: 40px;\">Je ne pense pas avec ces trois obligations avoir la totalit\u00e9 des conditions n\u00e9cessaires mais celles qui me paraissent les plus n\u00e9cessaires. (quid de l\u2019obligation de libert\u00e9 ?)<\/p>\n<p style=\"padding-left: 40px;\">Pour parvenir \u00e0 un r\u00e9sultat difficile comme celui du maintien d\u2019\u00e9quilibres (climatique, biodiversit\u00e9, \u2026) (difficile par l\u2019importance de l\u2019effort et par les freins qui lui sont proportionnel) , l\u2019histoire nous montre qu\u2019une logique d\u2019obligation de r\u00e9sultat est n\u00e9cessaire (responsabilit\u00e9s , mesures, objectifs,\u00a0 retro-actions \u2026). En effet sinon des progr\u00e8s significatifs auraient d\u00e9j\u00e0 eu lieu : il faut changer de m\u00e9thode.<\/p>\n<p style=\"padding-left: 40px;\">On ne peut consentir \u00e0 cette obligation de r\u00e9sultat que si le syst\u00e8me nous parait solide et \u00e9quitable et les efforts r\u00e9partis. Au vu du constat actuel, cela impose une obligation de solidarit\u00e9 pour \u00e0 la fois mieux r\u00e9partir les efforts et \u00e0 la fois aider aux adaptations.<\/p>\n<p style=\"padding-left: 40px;\">Mais il n\u2019existe pas de d\u00e9finition de la juste r\u00e9partition commune \u00e0 tous. Cela impose une obligation de d\u00e9mocratie pour d\u00e9terminer en commun quel niveau de r\u00e9partition adopter. Il ne s\u2019agit pas ici simplement de voter pour une solution parmi d\u2019autre mais de d\u00e9terminer la position du curseur dans un continuum de valeurs entre faible et fort.<\/p>\n<p style=\"padding-left: 40px;\">Ces trois obligations sont n\u00e9cessaires pour la r\u00e9ussite et s\u2019enclenchent dans cet ordre d\u00e9mocratie &gt; solidarit\u00e9 &gt; r\u00e9sultats.<\/p>\n<p style=\"padding-left: 40px;\">Une obligation de r\u00e9sultat c\u2019est \u00e9noncer les cons\u00e9quence au manquement de sa responsabilit\u00e9.<\/p>\n<\/div>\n<\/div><\/div><\/div><div id=\"pgc-401-0-1\"  class=\"panel-grid-cell\" ><div id=\"panel-401-0-1-0\" class=\"so-panel widget widget_sow-image panel-first-child panel-last-child\" data-index=\"1\" ><div\n\t\t\t\n\t\t\tclass=\"so-widget-sow-image so-widget-sow-image-default-8b5b6f678277-401\"\n\t\t\t\n\t\t>\n\n<div class=\"sow-image-container\">\n\t\t\t<a href=\"https:\/\/idee.gilles.link\/index.php\/vision\/\"\n\t\t\t\t\t>\n\t\t\t<img loading=\"lazy\" decoding=\"async\" src=\"https:\/\/idee.gilles.link\/wp-content\/uploads\/2021\/05\/retour-1.png\" width=\"70\" height=\"70\" sizes=\"auto, (max-width: 70px) 100vw, 70px\" title=\"retour\" alt=\"\" \t\tclass=\"so-widget-image\"\/>\n\t<\/a><\/div>\n\n<\/div><\/div><\/div><\/div><div id=\"pg-401-1\"  class=\"panel-grid panel-no-style\" ><div id=\"pgc-401-1-0\"  class=\"panel-grid-cell panel-grid-cell-mobile-last\" ><div id=\"panel-401-1-0-0\" class=\"so-panel widget widget_sow-image panel-first-child panel-last-child\" data-index=\"2\" ><div\n\t\t\t\n\t\t\tclass=\"so-widget-sow-image so-widget-sow-image-default-8b5b6f678277-401\"\n\t\t\t\n\t\t>\n\n<div class=\"sow-image-container\">\n\t\t<img loading=\"lazy\" decoding=\"async\" src=\"https:\/\/idee.gilles.link\/wp-content\/uploads\/2021\/05\/retro-obligations.jpg\" width=\"857\" height=\"636\" srcset=\"https:\/\/idee.gilles.link\/wp-content\/uploads\/2021\/05\/retro-obligations.jpg 857w, https:\/\/idee.gilles.link\/wp-content\/uploads\/2021\/05\/retro-obligations-300x223.jpg 300w, https:\/\/idee.gilles.link\/wp-content\/uploads\/2021\/05\/retro-obligations-768x570.jpg 768w\" sizes=\"auto, (max-width: 857px) 100vw, 857px\" alt=\"\" \t\tclass=\"so-widget-image\"\/>\n\t<\/div>\n\n<\/div><\/div><\/div><div id=\"pgc-401-1-1\"  class=\"panel-grid-cell panel-grid-cell-empty\" ><\/div><\/div><div id=\"pg-401-2\"  class=\"panel-grid panel-no-style\" ><div id=\"pgc-401-2-0\"  class=\"panel-grid-cell\" ><div id=\"panel-401-2-0-0\" class=\"so-panel widget widget_sow-editor panel-first-child panel-last-child\" data-index=\"3\" ><div\n\t\t\t\n\t\t\tclass=\"so-widget-sow-editor so-widget-sow-editor-base\"\n\t\t\t\n\t\t>\n<div class=\"siteorigin-widget-tinymce textwidget\">\n\t<p>Maj : F\u00e9vrier 2021<\/p>\n<\/div>\n<\/div><\/div><\/div><\/div><\/div>","protected":false},"excerpt":{"rendered":"<p>R\u00e9tro-obligations Faire un r\u00e9troplanning, c\u2019est partir de la contrainte forte de devoir respecter une date , et d\u00e9terminer la date de d\u00e9but (et les ressources) de chaque tache pour respecter cette date de fin en mettant en \u00e9vidence les enchainements n\u00e9cessaires. Quand on demande \u00e0 un chef produit dans une situation donn\u00e9e quelle est la [&hellip;]<\/p>\n","protected":false},"author":1,"featured_media":0,"parent":98,"menu_order":14,"comment_status":"closed","ping_status":"closed","template":"templates\/template-full-notitle.php","meta":{"footnotes":""},"class_list":["post-401","page","type-page","status-publish","hentry"],"_links":{"self":[{"href":"https:\/\/idee.gilles.link\/index.php\/wp-json\/wp\/v2\/pages\/401","targetHints":{"allow":["GET"]}}],"collection":[{"href":"https:\/\/idee.gilles.link\/index.php\/wp-json\/wp\/v2\/pages"}],"about":[{"href":"https:\/\/idee.gilles.link\/index.php\/wp-json\/wp\/v2\/types\/page"}],"author":[{"embeddable":true,"href":"https:\/\/idee.gilles.link\/index.php\/wp-json\/wp\/v2\/users\/1"}],"replies":[{"embeddable":true,"href":"https:\/\/idee.gilles.link\/index.php\/wp-json\/wp\/v2\/comments?post=401"}],"version-history":[{"count":3,"href":"https:\/\/idee.gilles.link\/index.php\/wp-json\/wp\/v2\/pages\/401\/revisions"}],"predecessor-version":[{"id":1210,"href":"https:\/\/idee.gilles.link\/index.php\/wp-json\/wp\/v2\/pages\/401\/revisions\/1210"}],"up":[{"embeddable":true,"href":"https:\/\/idee.gilles.link\/index.php\/wp-json\/wp\/v2\/pages\/98"}],"wp:attachment":[{"href":"https:\/\/idee.gilles.link\/index.php\/wp-json\/wp\/v2\/media?parent=401"}],"curies":[{"name":"wp","href":"https:\/\/api.w.org\/{rel}","templated":true}]}}