{"id":262,"date":"2021-05-06T10:56:21","date_gmt":"2021-05-06T08:56:21","guid":{"rendered":"https:\/\/idee.gilles.link\/?page_id=262"},"modified":"2023-02-27T09:14:17","modified_gmt":"2023-02-27T08:14:17","slug":"refacturation","status":"publish","type":"page","link":"https:\/\/idee.gilles.link\/index.php\/proposition\/refacturation\/","title":{"rendered":"Refacturation"},"content":{"rendered":"<div id=\"pl-262\"  class=\"panel-layout\" ><div id=\"pg-262-0\"  class=\"panel-grid panel-no-style\" ><div id=\"pgc-262-0-0\"  class=\"panel-grid-cell\" ><div id=\"panel-262-0-0-0\" class=\"so-panel widget widget_sow-editor panel-first-child panel-last-child\" data-index=\"0\" ><div\n\t\t\t\n\t\t\tclass=\"so-widget-sow-editor so-widget-sow-editor-base\"\n\t\t\t\n\t\t>\n<div class=\"siteorigin-widget-tinymce textwidget\">\n\t<h1>Une consommation ajout\u00e9e r\u00e9elle via la refacturation:<\/h1>\n<p style=\"padding-left: 40px;\">Dans le texte, le terme g\u00e9n\u00e9ral de consommation (des ressources naturelles) couvre aussi bien les consommations que les pollutions, \u00e9missions, \u2026<\/p>\n<p style=\"padding-left: 40px;\">La chaine de valeur d\u00e9signe toutes les entreprises, de l\u2019extraction de mati\u00e8res \u00e0 la distribution aux consommateurs qui concourent \u00e0 la fabrication de biens et services.<\/p>\n<p style=\"padding-left: 40px;\">Les fl\u00e8ches bleues symbolisent les \u00e9changes entre ces diff\u00e9rents acteurs de la chaine de valeur.<\/p>\n<p style=\"padding-left: 40px;\">Chaque \u00e9change commercial fait l\u2019objet d\u2019une facture.<\/p>\n<p style=\"padding-left: 40px;\">Chaque facture est comptabilis\u00e9e dans les comptes du fournisseur et les comptes du client.<\/p>\n<p style=\"padding-left: 40px;\">Ceci est d\u2019usage pour les entreprises mais nouveau pour les consommateurs.<\/p>\n<p style=\"padding-left: 40px;\">La proposition consiste \u00e0 indiquer en sus sur les factures les consommations amonts en unit\u00e9s physiques.<\/p>\n<p style=\"padding-left: 40px;\">Et \u00e0 les comptabiliser dans des comptes d\u00e9di\u00e9s.<\/p>\n<p style=\"padding-left: 40px;\">Les consommations <span style=\"color: #008cff;\">amonts<\/span> sont toutes les consommations des entreprises qui en amont de la livraison du bien, ont concouru \u00e0 sa fabrication et \u00e0 sa livraison.<\/p>\n<p style=\"padding-left: 40px;\">Ce sont des consommations \u00ab\u00a0<span style=\"color: #008cff;\">pass\u00e9es<\/span>\u00a0\u00bb : qui ont d\u00e9j\u00e0 eut lieu au moment de la livraison.<\/p>\n<p style=\"padding-left: 40px;\">Chaque entreprise ne calcule vraiment que sa consommation propre, appel\u00e9e aussi directe.<\/p>\n<p style=\"padding-left: 40px;\">Par exemple pour les \u00e9missions de gaz \u00e0 effet de serre, ce sont les \u00e9missions dues \u00e0 la combustion des combustibles qu\u2019elle utilise, ou les \u00e9missions d\u00e9gag\u00e9es lors de son proc\u00e9d\u00e9 de fabrication (ex fabrication de ciment).<\/p>\n<p style=\"padding-left: 40px;\">Ces \u00e9missions directes sont dites \u00ab\u00a0<span style=\"color: #008cff;\">r\u00e9elles<\/span>\u00a0\u00bb car elles sont calcul\u00e9es\/mesur\u00e9es le plus fid\u00e8lement possible sur chaque p\u00e9riode. \u00ab\u00a0R\u00e9el\u00a0\u00bb sera oppos\u00e9 \u00e0 \u00ab\u00a0moyenne\u00a0\u00bb lorsque on ne fait pas explicitement r\u00e9f\u00e9rence \u00e0 la p\u00e9riode de calcul dans l\u2019affichage du r\u00e9sultat.<\/p>\n<p style=\"padding-left: 40px;\">Pour produire les consommations amont affich\u00e9es sur ses factures de vente, l\u2019entreprise cumule sur chaque p\u00e9riode ses achats de consommations , comptabilis\u00e9s dans ses comptes en unit\u00e9 physique, avec ses d\u00e9clarations d\u2019\u00e9missions directe. Elle les ventile par produit . Selon ses r\u00e8gles propres.<\/p>\n<p style=\"padding-left: 40px;\">A chaque fin de p\u00e9riode, elle v\u00e9rifie que le total de ses ventes, en unit\u00e9 physique \u00e9quilibre le total de ses achats et de ses consommations directes.<\/p>\n<p style=\"padding-left: 40px;\">Si ce n\u2019est pas le cas (il y aura toujours un \u00e9cart) , elle reporte la diff\u00e9rence sur la p\u00e9riode suivante.<\/p>\n<p style=\"padding-left: 40px;\">Par ce principe de <span style=\"color: #008cff;\">refacturation<\/span>, les consommations sont dites \u00ab\u00a0<span style=\"color: #ff0000;\"><span style=\"color: #008cff;\">ajout\u00e9es<\/span>\u00a0<\/span>\u00bb , exactement comme l\u2019est la valeur ajout\u00e9e produite par l\u2019entreprise dans son \u00ab\u00a0business model\u00a0\u00bb. Cette consommation ajout\u00e9e est m\u00eame la contrepartie de cette valeur ajout\u00e9e. La valeur ajout\u00e9e r\u00e9mun\u00e8re ceux qui y ont contribu\u00e9 (les salari\u00e9s, les actionnaires, les pr\u00eateurs, l\u2019\u00e9tat, \u2026). Ici on ne cherche pas \u00e0 faire payer la contrepartie de cette valeur ajout\u00e9e, c\u2019est-\u00e0-dire la consommation ajout\u00e9e.<\/p>\n<p style=\"padding-left: 40px;\">D\u2019o\u00f9 le nom de la m\u00e9thode propos\u00e9e : <span style=\"color: #008cff;\">re(f)act<\/span>.<\/p>\n<p style=\"padding-left: 40px;\">Elle n\u2019est ici que introduite et sera d\u00e9velopp\u00e9e dans le chapitre \u00ab\u00a0lignes directrices\u00a0\u00bb et tous ses sous-chapitres.<\/p>\n<p style=\"padding-left: 40px;\">Pour le consommateur, \u00e0 ces \u00e9missions amonts, on ajoute les consommations d'utilisation des combustibles qu'il ach\u00e8te.<\/p>\n<p style=\"padding-left: 40px;\">\n<\/div>\n<\/div><\/div><\/div><div id=\"pgc-262-0-1\"  class=\"panel-grid-cell\" ><div id=\"panel-262-0-1-0\" class=\"so-panel widget widget_sow-image panel-first-child panel-last-child\" data-index=\"1\" ><div\n\t\t\t\n\t\t\tclass=\"so-widget-sow-image so-widget-sow-image-default-8b5b6f678277-262\"\n\t\t\t\n\t\t>\n\n<div class=\"sow-image-container\">\n\t\t\t<a href=\"https:\/\/idee.gilles.link\/index.php\/proposition\/\"\n\t\t\t\t\t>\n\t\t\t<img loading=\"lazy\" decoding=\"async\" src=\"https:\/\/idee.gilles.link\/wp-content\/uploads\/2021\/05\/retour-1.png\" width=\"70\" height=\"70\" sizes=\"auto, (max-width: 70px) 100vw, 70px\" title=\"retour\" alt=\"\" \t\tclass=\"so-widget-image\"\/>\n\t<\/a><\/div>\n\n<\/div><\/div><\/div><\/div><div id=\"pg-262-1\"  class=\"panel-grid panel-no-style\" ><div id=\"pgc-262-1-0\"  class=\"panel-grid-cell\" ><div id=\"panel-262-1-0-0\" class=\"so-panel widget widget_sow-editor panel-first-child panel-last-child\" data-index=\"2\" ><div\n\t\t\t\n\t\t\tclass=\"so-widget-sow-editor so-widget-sow-editor-base\"\n\t\t\t\n\t\t>\n<div class=\"siteorigin-widget-tinymce textwidget\">\n\t<p>Maj : F\u00e9vrier 2021<\/p>\n<\/div>\n<\/div><\/div><\/div><\/div><\/div>","protected":false},"excerpt":{"rendered":"<p>Une consommation ajout\u00e9e r\u00e9elle via la refacturation: Dans le texte, le terme g\u00e9n\u00e9ral de consommation (des ressources naturelles) couvre aussi bien les consommations que les pollutions, \u00e9missions, \u2026 La chaine de valeur d\u00e9signe toutes les entreprises, de l\u2019extraction de mati\u00e8res \u00e0 la distribution aux consommateurs qui concourent \u00e0 la fabrication de biens et services. Les [&hellip;]<\/p>\n","protected":false},"author":1,"featured_media":0,"parent":219,"menu_order":12,"comment_status":"closed","ping_status":"closed","template":"templates\/template-full-notitle.php","meta":{"footnotes":""},"class_list":["post-262","page","type-page","status-publish","hentry"],"_links":{"self":[{"href":"https:\/\/idee.gilles.link\/index.php\/wp-json\/wp\/v2\/pages\/262","targetHints":{"allow":["GET"]}}],"collection":[{"href":"https:\/\/idee.gilles.link\/index.php\/wp-json\/wp\/v2\/pages"}],"about":[{"href":"https:\/\/idee.gilles.link\/index.php\/wp-json\/wp\/v2\/types\/page"}],"author":[{"embeddable":true,"href":"https:\/\/idee.gilles.link\/index.php\/wp-json\/wp\/v2\/users\/1"}],"replies":[{"embeddable":true,"href":"https:\/\/idee.gilles.link\/index.php\/wp-json\/wp\/v2\/comments?post=262"}],"version-history":[{"count":3,"href":"https:\/\/idee.gilles.link\/index.php\/wp-json\/wp\/v2\/pages\/262\/revisions"}],"predecessor-version":[{"id":1186,"href":"https:\/\/idee.gilles.link\/index.php\/wp-json\/wp\/v2\/pages\/262\/revisions\/1186"}],"up":[{"embeddable":true,"href":"https:\/\/idee.gilles.link\/index.php\/wp-json\/wp\/v2\/pages\/219"}],"wp:attachment":[{"href":"https:\/\/idee.gilles.link\/index.php\/wp-json\/wp\/v2\/media?parent=262"}],"curies":[{"name":"wp","href":"https:\/\/api.w.org\/{rel}","templated":true}]}}