{"id":254,"date":"2021-05-06T10:05:00","date_gmt":"2021-05-06T08:05:00","guid":{"rendered":"https:\/\/idee.gilles.link\/?page_id=254"},"modified":"2023-02-27T09:12:30","modified_gmt":"2023-02-27T08:12:30","slug":"deja","status":"publish","type":"page","link":"https:\/\/idee.gilles.link\/index.php\/proposition\/deja\/","title":{"rendered":"Mais compter on le fait d\u00e9j\u00e0"},"content":{"rendered":"<div id=\"pl-254\"  class=\"panel-layout\" ><div id=\"pg-254-0\"  class=\"panel-grid panel-no-style\" ><div id=\"pgc-254-0-0\"  class=\"panel-grid-cell\" ><div id=\"panel-254-0-0-0\" class=\"so-panel widget widget_sow-editor panel-first-child panel-last-child\" data-index=\"0\" ><div\n\t\t\t\n\t\t\tclass=\"so-widget-sow-editor so-widget-sow-editor-base\"\n\t\t\t\n\t\t>\n<div class=\"siteorigin-widget-tinymce textwidget\">\n\t<h1>Mais compter on le fait d\u00e9j\u00e0 !<\/h1>\n<p style=\"padding-left: 40px;\">C'est vrai.<\/p>\n<p style=\"padding-left: 40px;\">Pour les entreprises il existe des comptabilit\u00e9s \u00e9cologiques, dont CARE , des d\u00e9clarations d'\u00e9missions, des bilans GES et des suivis extra-financiers.<\/p>\n<p style=\"padding-left: 40px;\">Nous <a href=\"https:\/\/idee.gilles.link\/index.php\/vision\/compare_comptabilites\/\">comparerons ces comptabilit\u00e9s<\/a> . Et nous montrerons qu'elles sont compl\u00e9mentaires et peuvent coop\u00e9rer.<\/p>\n<p style=\"padding-left: 40px;\">Si sa finalit\u00e9 est diff\u00e9rente, c'est surtout son ambition qui change la donne : tout compter avec pr\u00e9cision.<\/p>\n<p style=\"padding-left: 40px;\">Pour les produits il existe des \u00e9valuations des impacts \u00e0 travers les analyses de cycle de vie (ACV).<\/p>\n<p style=\"padding-left: 40px;\">Nous <a href=\"https:\/\/idee.gilles.link\/index.php\/vision\/compare_valorisations\/\">comparerons cette valorisation<\/a> avec cette proposition. L\u00e0 aussi nous verrons qu'elles sont compl\u00e9mentaires et peuvent coop\u00e9rer.<\/p>\n<\/div>\n<\/div><\/div><\/div><div id=\"pgc-254-0-1\"  class=\"panel-grid-cell\" ><div id=\"panel-254-0-1-0\" class=\"so-panel widget widget_sow-image panel-first-child panel-last-child\" data-index=\"1\" ><div\n\t\t\t\n\t\t\tclass=\"so-widget-sow-image so-widget-sow-image-default-8b5b6f678277-254\"\n\t\t\t\n\t\t>\n\n<div class=\"sow-image-container\">\n\t\t\t<a href=\"https:\/\/idee.gilles.link\/index.php\/proposition\/\"\n\t\t\t\t\t>\n\t\t\t<img loading=\"lazy\" decoding=\"async\" src=\"https:\/\/idee.gilles.link\/wp-content\/uploads\/2021\/05\/retour-1.png\" width=\"70\" height=\"70\" sizes=\"auto, (max-width: 70px) 100vw, 70px\" title=\"retour\" alt=\"\" \t\tclass=\"so-widget-image\"\/>\n\t<\/a><\/div>\n\n<\/div><\/div><\/div><\/div><div id=\"pg-254-1\"  class=\"panel-grid panel-no-style\" ><div id=\"pgc-254-1-0\"  class=\"panel-grid-cell panel-grid-cell-mobile-last\" ><div id=\"panel-254-1-0-0\" class=\"so-panel widget widget_sow-image panel-first-child panel-last-child\" data-index=\"2\" ><div\n\t\t\t\n\t\t\tclass=\"so-widget-sow-image so-widget-sow-image-default-8b5b6f678277-254\"\n\t\t\t\n\t\t>\n\n<div class=\"sow-image-container\">\n\t\t<img loading=\"lazy\" decoding=\"async\" src=\"https:\/\/idee.gilles.link\/wp-content\/uploads\/2021\/05\/proposition_2.jpg\" width=\"1359\" height=\"881\" srcset=\"https:\/\/idee.gilles.link\/wp-content\/uploads\/2021\/05\/proposition_2.jpg 1359w, https:\/\/idee.gilles.link\/wp-content\/uploads\/2021\/05\/proposition_2-300x194.jpg 300w, https:\/\/idee.gilles.link\/wp-content\/uploads\/2021\/05\/proposition_2-1024x664.jpg 1024w, https:\/\/idee.gilles.link\/wp-content\/uploads\/2021\/05\/proposition_2-768x498.jpg 768w\" sizes=\"auto, (max-width: 1359px) 100vw, 1359px\" alt=\"\" \t\tclass=\"so-widget-image\"\/>\n\t<\/div>\n\n<\/div><\/div><\/div><div id=\"pgc-254-1-1\"  class=\"panel-grid-cell panel-grid-cell-empty\" ><\/div><\/div><div id=\"pg-254-2\"  class=\"panel-grid panel-no-style\" ><div id=\"pgc-254-2-0\"  class=\"panel-grid-cell\" ><div id=\"panel-254-2-0-0\" class=\"so-panel widget widget_sow-editor panel-first-child panel-last-child\" data-index=\"3\" ><div\n\t\t\t\n\t\t\tclass=\"so-widget-sow-editor so-widget-sow-editor-base\"\n\t\t\t\n\t\t>\n<div class=\"siteorigin-widget-tinymce textwidget\">\n\t<p>Maj : F\u00e9vrier 2021<\/p>\n<\/div>\n<\/div><\/div><\/div><\/div><\/div>","protected":false},"excerpt":{"rendered":"<p>Mais compter on le fait d\u00e9j\u00e0 ! C&rsquo;est vrai. Pour les entreprises il existe des comptabilit\u00e9s \u00e9cologiques, dont CARE , des d\u00e9clarations d&rsquo;\u00e9missions, des bilans GES et des suivis extra-financiers. Nous comparerons ces comptabilit\u00e9s . Et nous montrerons qu&rsquo;elles sont compl\u00e9mentaires et peuvent coop\u00e9rer. Si sa finalit\u00e9 est diff\u00e9rente, c&rsquo;est surtout son ambition qui change [&hellip;]<\/p>\n","protected":false},"author":1,"featured_media":0,"parent":219,"menu_order":11,"comment_status":"closed","ping_status":"closed","template":"templates\/template-full-notitle.php","meta":{"footnotes":""},"class_list":["post-254","page","type-page","status-publish","hentry"],"_links":{"self":[{"href":"https:\/\/idee.gilles.link\/index.php\/wp-json\/wp\/v2\/pages\/254","targetHints":{"allow":["GET"]}}],"collection":[{"href":"https:\/\/idee.gilles.link\/index.php\/wp-json\/wp\/v2\/pages"}],"about":[{"href":"https:\/\/idee.gilles.link\/index.php\/wp-json\/wp\/v2\/types\/page"}],"author":[{"embeddable":true,"href":"https:\/\/idee.gilles.link\/index.php\/wp-json\/wp\/v2\/users\/1"}],"replies":[{"embeddable":true,"href":"https:\/\/idee.gilles.link\/index.php\/wp-json\/wp\/v2\/comments?post=254"}],"version-history":[{"count":3,"href":"https:\/\/idee.gilles.link\/index.php\/wp-json\/wp\/v2\/pages\/254\/revisions"}],"predecessor-version":[{"id":1182,"href":"https:\/\/idee.gilles.link\/index.php\/wp-json\/wp\/v2\/pages\/254\/revisions\/1182"}],"up":[{"embeddable":true,"href":"https:\/\/idee.gilles.link\/index.php\/wp-json\/wp\/v2\/pages\/219"}],"wp:attachment":[{"href":"https:\/\/idee.gilles.link\/index.php\/wp-json\/wp\/v2\/media?parent=254"}],"curies":[{"name":"wp","href":"https:\/\/api.w.org\/{rel}","templated":true}]}}