{"id":213,"date":"2021-05-05T23:50:46","date_gmt":"2021-05-05T21:50:46","guid":{"rendered":"https:\/\/idee.gilles.link\/?page_id=213"},"modified":"2023-02-27T09:08:42","modified_gmt":"2023-02-27T08:08:42","slug":"refact-cest-ou","status":"publish","type":"page","link":"https:\/\/idee.gilles.link\/index.php\/accueil\/refact-cest-ou\/","title":{"rendered":"Re(f)act c&rsquo;est o\u00f9 ?"},"content":{"rendered":"<div id=\"pl-213\"  class=\"panel-layout\" ><div id=\"pg-213-0\"  class=\"panel-grid panel-no-style\" ><div id=\"pgc-213-0-0\"  class=\"panel-grid-cell\" ><div id=\"panel-213-0-0-0\" class=\"so-panel widget widget_sow-editor panel-first-child panel-last-child\" data-index=\"0\" ><div\n\t\t\t\n\t\t\tclass=\"so-widget-sow-editor so-widget-sow-editor-base\"\n\t\t\t\n\t\t>\n<div class=\"siteorigin-widget-tinymce textwidget\">\n\t<p>Re(f)act est le nom donn\u00e9 \u00e0 la m\u00e9thode propos\u00e9e du poids carbone factur\u00e9 au consommateur lors de chaque achat.<\/p>\n<p>Ce document est l'\u00e9tude de faisabilit\u00e9 de cette solution avant l'\u00e9criture d'un v\u00e9ritable cahier des charges.<\/p>\n<p>Cette m\u00e9thode est une des deux m\u00e9thodes compar\u00e9e et pr\u00e9f\u00e9r\u00e9e pour la production de ces chiffres.<\/p>\n<p>Produire un poids carbone pour tous les produits et avec pr\u00e9cision est le signe d'un changement de m\u00e9thode.<\/p>\n<p>Pour parvenir \u00e0 une v\u00e9ritable obligation de r\u00e9sultat , il est n\u00e9cessaire de changer de m\u00e9thodes.<\/p>\n<p>Si on veut respecter vraiment le budget carbone, il faut s'engager \u00e0 une obligation de r\u00e9sultats et non plus seulement de moyens.<\/p>\n<p>D\u00e9finir un budget carbone, c'est bien, le respecter, c'est mieux.<\/p>\n<p>Le budget carbone est deduit du sc\u00e9nario de r\u00e9chauffement choisi lors des accords de Paris,parmi ceux envisag\u00e9s par le GIEC ,<\/p>\n<p>le nombre de tonnes de dioxyde de carbone \u00e9quivalent restant \u00e0 \u00e9mettre d'ici l'\u00e9ch\u00e9ance o\u00f9 l'on vise la z\u00e9ro \u00e9mission nette (autant d'\u00e9missions que d'absorptions)<\/p>\n<\/div>\n<\/div><\/div><\/div><div id=\"pgc-213-0-1\"  class=\"panel-grid-cell\" ><div id=\"panel-213-0-1-0\" class=\"so-panel widget widget_sow-image panel-first-child panel-last-child\" data-index=\"1\" ><div\n\t\t\t\n\t\t\tclass=\"so-widget-sow-image so-widget-sow-image-default-8b5b6f678277-213\"\n\t\t\t\n\t\t>\n\n<div class=\"sow-image-container\">\n\t\t\t<a href=\"https:\/\/idee.gilles.link\/index.php\/accueil\/\"\n\t\t\t\t\t>\n\t\t\t<img loading=\"lazy\" decoding=\"async\" src=\"https:\/\/idee.gilles.link\/wp-content\/uploads\/2021\/05\/retour-1.png\" width=\"70\" height=\"70\" sizes=\"auto, (max-width: 70px) 100vw, 70px\" title=\"retour\" alt=\"\" \t\tclass=\"so-widget-image\"\/>\n\t<\/a><\/div>\n\n<\/div><\/div><\/div><\/div><div id=\"pg-213-1\"  class=\"panel-grid panel-no-style\" ><div id=\"pgc-213-1-0\"  class=\"panel-grid-cell panel-grid-cell-mobile-last\" ><div id=\"panel-213-1-0-0\" class=\"so-panel widget widget_sow-image panel-first-child panel-last-child\" data-index=\"2\" ><div\n\t\t\t\n\t\t\tclass=\"so-widget-sow-image so-widget-sow-image-default-8b5b6f678277-213\"\n\t\t\t\n\t\t>\n\n<div class=\"sow-image-container\">\n\t\t<img loading=\"lazy\" decoding=\"async\" src=\"https:\/\/idee.gilles.link\/wp-content\/uploads\/2021\/05\/cest-ou.jpg\" width=\"1547\" height=\"802\" srcset=\"https:\/\/idee.gilles.link\/wp-content\/uploads\/2021\/05\/cest-ou.jpg 1547w, https:\/\/idee.gilles.link\/wp-content\/uploads\/2021\/05\/cest-ou-300x156.jpg 300w, https:\/\/idee.gilles.link\/wp-content\/uploads\/2021\/05\/cest-ou-1024x531.jpg 1024w, https:\/\/idee.gilles.link\/wp-content\/uploads\/2021\/05\/cest-ou-768x398.jpg 768w, https:\/\/idee.gilles.link\/wp-content\/uploads\/2021\/05\/cest-ou-1536x796.jpg 1536w\" sizes=\"auto, (max-width: 1547px) 100vw, 1547px\" title=\"c&rsquo;est ou\" alt=\"\" \t\tclass=\"so-widget-image\"\/>\n\t<\/div>\n\n<\/div><\/div><\/div><div id=\"pgc-213-1-1\"  class=\"panel-grid-cell panel-grid-cell-empty\" ><\/div><\/div><div id=\"pg-213-2\"  class=\"panel-grid panel-no-style\" ><div id=\"pgc-213-2-0\"  class=\"panel-grid-cell\" ><div id=\"panel-213-2-0-0\" class=\"so-panel widget widget_sow-editor panel-first-child panel-last-child\" data-index=\"3\" ><div\n\t\t\t\n\t\t\tclass=\"so-widget-sow-editor so-widget-sow-editor-base\"\n\t\t\t\n\t\t>\n<div class=\"siteorigin-widget-tinymce textwidget\">\n\t<p>Maj : F\u00e9vrier 2021<\/p>\n<\/div>\n<\/div><\/div><\/div><\/div><\/div>","protected":false},"excerpt":{"rendered":"<p>Re(f)act est le nom donn\u00e9 \u00e0 la m\u00e9thode propos\u00e9e du poids carbone factur\u00e9 au consommateur lors de chaque achat. Ce document est l&rsquo;\u00e9tude de faisabilit\u00e9 de cette solution avant l&rsquo;\u00e9criture d&rsquo;un v\u00e9ritable cahier des charges. Cette m\u00e9thode est une des deux m\u00e9thodes compar\u00e9e et pr\u00e9f\u00e9r\u00e9e pour la production de ces chiffres. Produire un poids carbone [&hellip;]<\/p>\n","protected":false},"author":1,"featured_media":0,"parent":132,"menu_order":0,"comment_status":"closed","ping_status":"closed","template":"templates\/template-full-notitle.php","meta":{"footnotes":""},"class_list":["post-213","page","type-page","status-publish","hentry"],"_links":{"self":[{"href":"https:\/\/idee.gilles.link\/index.php\/wp-json\/wp\/v2\/pages\/213","targetHints":{"allow":["GET"]}}],"collection":[{"href":"https:\/\/idee.gilles.link\/index.php\/wp-json\/wp\/v2\/pages"}],"about":[{"href":"https:\/\/idee.gilles.link\/index.php\/wp-json\/wp\/v2\/types\/page"}],"author":[{"embeddable":true,"href":"https:\/\/idee.gilles.link\/index.php\/wp-json\/wp\/v2\/users\/1"}],"replies":[{"embeddable":true,"href":"https:\/\/idee.gilles.link\/index.php\/wp-json\/wp\/v2\/comments?post=213"}],"version-history":[{"count":3,"href":"https:\/\/idee.gilles.link\/index.php\/wp-json\/wp\/v2\/pages\/213\/revisions"}],"predecessor-version":[{"id":1170,"href":"https:\/\/idee.gilles.link\/index.php\/wp-json\/wp\/v2\/pages\/213\/revisions\/1170"}],"up":[{"embeddable":true,"href":"https:\/\/idee.gilles.link\/index.php\/wp-json\/wp\/v2\/pages\/132"}],"wp:attachment":[{"href":"https:\/\/idee.gilles.link\/index.php\/wp-json\/wp\/v2\/media?parent=213"}],"curies":[{"name":"wp","href":"https:\/\/api.w.org\/{rel}","templated":true}]}}