{"id":1449,"date":"2023-03-27T12:26:45","date_gmt":"2023-03-27T10:26:45","guid":{"rendered":"https:\/\/idee.gilles.link\/?page_id=1449"},"modified":"2023-04-12T12:13:36","modified_gmt":"2023-04-12T10:13:36","slug":"partis-pris","status":"publish","type":"page","link":"https:\/\/idee.gilles.link\/index.php\/debat\/partis-pris\/","title":{"rendered":"Partis-pris"},"content":{"rendered":"<div id=\"pl-1449\"  class=\"panel-layout\" ><div id=\"pg-1449-0\"  class=\"panel-grid panel-no-style\" ><div id=\"pgc-1449-0-0\"  class=\"panel-grid-cell\" ><div id=\"panel-1449-0-0-0\" class=\"so-panel widget widget_sow-editor panel-first-child panel-last-child\" data-index=\"0\" ><div\n\t\t\t\n\t\t\tclass=\"so-widget-sow-editor so-widget-sow-editor-base\"\n\t\t\t\n\t\t>\n<div class=\"siteorigin-widget-tinymce textwidget\">\n\t<h1><span style=\"color: #008cff;\">Partis-pris<\/span><\/h1>\n<p>Analyser les solutions n'est finalement pas le plus important. L'essentiel c'est de construire une grille d'analyse.<\/p>\n<p>Et cette grille d'analyse est intimement li\u00e9 au probl\u00e8me pos\u00e9. Si on n'a pas une vision claire du probl\u00e8me \u00e0 r\u00e9soudre, comment percevoir les int\u00e9r\u00eats d'une solution cens\u00e9e y r\u00e9pondre ?<\/p>\n<p>Qui a une vision claire du probl\u00e9me ? Quelle vision pr\u00e9vaut ? Se mettre ensemble, c'est partager la connaisance. Ce partage va nous donner une confiance dans le groupe.<\/p>\n<p>Se situer, va nous permettre de v\u00e9rifier que nous sommes tous bien sur la m\u00eame ligne de d\u00e9part, que nous ne laissons personne en arri\u00e8re.<\/p>\n<p>Cette collecte d'information (\"entre nous\" plut\u00f4t que \"descendante\") est frustrante : il y a tant de choses que l'on ne comprend pas bien, que l'on n'a pas le temps de discuter.<\/p>\n<p>Le d\u00e9coupage en 2 journ\u00e9es va nous permettre de combler cette frustration en organisant un retour d'information \u00e0 la suite de la premi\u00e8re.<\/p>\n<p>S'\u00e9couter, donner la parole \u00e0 tous et m\u00eame y prendre du plaisir, ne s'improvise pas. L'\u00e9ducation populaire, c'est tout le cheminement qui nous y aide.<\/p>\n<\/div>\n<\/div><\/div><\/div><div id=\"pgc-1449-0-1\"  class=\"panel-grid-cell\" ><div id=\"panel-1449-0-1-0\" class=\"so-panel widget widget_sow-image panel-first-child panel-last-child\" data-index=\"1\" ><div\n\t\t\t\n\t\t\tclass=\"so-widget-sow-image so-widget-sow-image-default-8b5b6f678277-1449\"\n\t\t\t\n\t\t>\n\n<div class=\"sow-image-container\">\n\t\t\t<a href=\"https:\/\/idee.gilles.link\/index.php\/debat\/\"\n\t\t\t\t\t>\n\t\t\t<img loading=\"lazy\" decoding=\"async\" src=\"https:\/\/idee.gilles.link\/wp-content\/uploads\/2021\/05\/retour-1.png\" width=\"70\" height=\"70\" sizes=\"auto, (max-width: 70px) 100vw, 70px\" title=\"retour\" alt=\"\" \t\tclass=\"so-widget-image\"\/>\n\t<\/a><\/div>\n\n<\/div><\/div><\/div><\/div><div id=\"pg-1449-1\"  class=\"panel-grid panel-no-style\" ><div id=\"pgc-1449-1-0\"  class=\"panel-grid-cell\" ><div id=\"panel-1449-1-0-0\" class=\"so-panel widget widget_sow-image panel-first-child panel-last-child\" data-index=\"2\" ><div\n\t\t\t\n\t\t\tclass=\"so-widget-sow-image so-widget-sow-image-default-8b5b6f678277-1449\"\n\t\t\t\n\t\t>\n\n<div class=\"sow-image-container\">\n\t\t<img loading=\"lazy\" decoding=\"async\" src=\"https:\/\/idee.gilles.link\/wp-content\/uploads\/2023\/03\/animation-brown-paper.png\" width=\"563\" height=\"356\" srcset=\"https:\/\/idee.gilles.link\/wp-content\/uploads\/2023\/03\/animation-brown-paper.png 563w, https:\/\/idee.gilles.link\/wp-content\/uploads\/2023\/03\/animation-brown-paper-300x190.png 300w\" sizes=\"auto, (max-width: 563px) 100vw, 563px\" title=\"animation-brown paper\" alt=\"\" \t\tclass=\"so-widget-image\"\/>\n\t<\/div>\n\n<\/div><\/div><\/div><div id=\"pgc-1449-1-1\"  class=\"panel-grid-cell\" ><div id=\"panel-1449-1-1-0\" class=\"so-panel widget widget_sow-image panel-first-child panel-last-child\" data-index=\"3\" ><div\n\t\t\t\n\t\t\tclass=\"so-widget-sow-image so-widget-sow-image-default-8b5b6f678277-1449\"\n\t\t\t\n\t\t>\n\n<div class=\"sow-image-container\">\n\t\t<img loading=\"lazy\" decoding=\"async\" src=\"https:\/\/idee.gilles.link\/wp-content\/uploads\/2023\/03\/animation-debat-mouvant.png\" width=\"602\" height=\"362\" srcset=\"https:\/\/idee.gilles.link\/wp-content\/uploads\/2023\/03\/animation-debat-mouvant.png 602w, https:\/\/idee.gilles.link\/wp-content\/uploads\/2023\/03\/animation-debat-mouvant-300x180.png 300w\" sizes=\"auto, (max-width: 602px) 100vw, 602px\" title=\"animation- debat mouvant\" alt=\"\" \t\tclass=\"so-widget-image\"\/>\n\t<\/div>\n\n<\/div><\/div><\/div><div id=\"pgc-1449-1-2\"  class=\"panel-grid-cell\" ><div id=\"panel-1449-1-2-0\" class=\"so-panel widget widget_sow-image panel-first-child panel-last-child\" data-index=\"4\" ><div\n\t\t\t\n\t\t\tclass=\"so-widget-sow-image so-widget-sow-image-default-8b5b6f678277-1449\"\n\t\t\t\n\t\t>\n\n<div class=\"sow-image-container\">\n\t\t<img loading=\"lazy\" decoding=\"async\" src=\"https:\/\/idee.gilles.link\/wp-content\/uploads\/2023\/03\/animation-groupes.png\" width=\"794\" height=\"439\" srcset=\"https:\/\/idee.gilles.link\/wp-content\/uploads\/2023\/03\/animation-groupes.png 794w, https:\/\/idee.gilles.link\/wp-content\/uploads\/2023\/03\/animation-groupes-300x166.png 300w, https:\/\/idee.gilles.link\/wp-content\/uploads\/2023\/03\/animation-groupes-768x425.png 768w\" sizes=\"auto, (max-width: 794px) 100vw, 794px\" title=\"animation &#8211; groupes\" alt=\"\" \t\tclass=\"so-widget-image\"\/>\n\t<\/div>\n\n<\/div><\/div><\/div><\/div><div id=\"pg-1449-2\"  class=\"panel-grid panel-no-style\" ><div id=\"pgc-1449-2-0\"  class=\"panel-grid-cell panel-grid-cell-mobile-last\" ><div id=\"panel-1449-2-0-0\" class=\"so-panel widget widget_sow-editor panel-first-child panel-last-child\" data-index=\"5\" ><div\n\t\t\t\n\t\t\tclass=\"so-widget-sow-editor so-widget-sow-editor-base\"\n\t\t\t\n\t\t>\n<div class=\"siteorigin-widget-tinymce textwidget\">\n\t<p>Ces deux s\u00e9ances sont con\u00e7ues comme autonomes, mais il mieux de les inscrire\u00a0 dans un parcours.<\/p>\n<p>Avant, une sensibilisation au r\u00e9chauffement climatique, \u00e0 ses causes et ses cons\u00e9quences pr\u00e9pare le terrain.<\/p>\n<p>Ce que fait tr\u00e8s bien une fresque du climat par exemple.<\/p>\n<\/div>\n<\/div><\/div><\/div><div id=\"pgc-1449-2-1\"  class=\"panel-grid-cell panel-grid-cell-empty\" ><\/div><\/div><div id=\"pg-1449-3\"  class=\"panel-grid panel-no-style\" ><div id=\"pgc-1449-3-0\"  class=\"panel-grid-cell panel-grid-cell-mobile-last\" ><div id=\"panel-1449-3-0-0\" class=\"so-panel widget widget_sow-editor panel-first-child panel-last-child\" data-index=\"6\" ><div\n\t\t\t\n\t\t\tclass=\"so-widget-sow-editor so-widget-sow-editor-base\"\n\t\t\t\n\t\t>\n<div class=\"siteorigin-widget-tinymce textwidget\">\n\t<p>MAJ : Mars 2023<\/p>\n<\/div>\n<\/div><\/div><\/div><div id=\"pgc-1449-3-1\"  class=\"panel-grid-cell panel-grid-cell-empty\" ><\/div><\/div><\/div>","protected":false},"excerpt":{"rendered":"<p>Partis-pris Analyser les solutions n&rsquo;est finalement pas le plus important. L&rsquo;essentiel c&rsquo;est de construire une grille d&rsquo;analyse. Et cette grille d&rsquo;analyse est intimement li\u00e9 au probl\u00e8me pos\u00e9. Si on n&rsquo;a pas une vision claire du probl\u00e8me \u00e0 r\u00e9soudre, comment percevoir les int\u00e9r\u00eats d&rsquo;une solution cens\u00e9e y r\u00e9pondre ? Qui a une vision claire du probl\u00e9me [&hellip;]<\/p>\n","protected":false},"author":1,"featured_media":0,"parent":1410,"menu_order":4,"comment_status":"closed","ping_status":"closed","template":"templates\/template-full-notitle.php","meta":{"footnotes":""},"class_list":["post-1449","page","type-page","status-publish","hentry"],"_links":{"self":[{"href":"https:\/\/idee.gilles.link\/index.php\/wp-json\/wp\/v2\/pages\/1449","targetHints":{"allow":["GET"]}}],"collection":[{"href":"https:\/\/idee.gilles.link\/index.php\/wp-json\/wp\/v2\/pages"}],"about":[{"href":"https:\/\/idee.gilles.link\/index.php\/wp-json\/wp\/v2\/types\/page"}],"author":[{"embeddable":true,"href":"https:\/\/idee.gilles.link\/index.php\/wp-json\/wp\/v2\/users\/1"}],"replies":[{"embeddable":true,"href":"https:\/\/idee.gilles.link\/index.php\/wp-json\/wp\/v2\/comments?post=1449"}],"version-history":[{"count":3,"href":"https:\/\/idee.gilles.link\/index.php\/wp-json\/wp\/v2\/pages\/1449\/revisions"}],"predecessor-version":[{"id":1530,"href":"https:\/\/idee.gilles.link\/index.php\/wp-json\/wp\/v2\/pages\/1449\/revisions\/1530"}],"up":[{"embeddable":true,"href":"https:\/\/idee.gilles.link\/index.php\/wp-json\/wp\/v2\/pages\/1410"}],"wp:attachment":[{"href":"https:\/\/idee.gilles.link\/index.php\/wp-json\/wp\/v2\/media?parent=1449"}],"curies":[{"name":"wp","href":"https:\/\/api.w.org\/{rel}","templated":true}]}}