{"id":1410,"date":"2023-03-27T11:01:31","date_gmt":"2023-03-27T09:01:31","guid":{"rendered":"https:\/\/idee.gilles.link\/?page_id=1410"},"modified":"2023-04-12T14:45:27","modified_gmt":"2023-04-12T12:45:27","slug":"debat","status":"publish","type":"page","link":"https:\/\/idee.gilles.link\/index.php\/debat\/","title":{"rendered":"D\u00e9bat"},"content":{"rendered":"<div id=\"pl-1410\"  class=\"panel-layout\" ><div id=\"pg-1410-0\"  class=\"panel-grid panel-no-style\" ><div id=\"pgc-1410-0-0\"  class=\"panel-grid-cell\" ><div id=\"panel-1410-0-0-0\" class=\"so-panel widget widget_sow-editor panel-first-child panel-last-child\" data-index=\"0\" ><div\n\t\t\t\n\t\t\tclass=\"so-widget-sow-editor so-widget-sow-editor-base\"\n\t\t\t\n\t\t>\n<div class=\"siteorigin-widget-tinymce textwidget\">\n\t<h1><span style=\"color: #008cff;\">Invitation<\/span><\/h1>\n<p>C\u2019\u00e9tait quand votre dernier <span style=\"color: #008cff;\">d\u00e9bat (de philosophie) politique <\/span>?<\/p>\n<p>Venez conforter, confronter vos opinions face \u00e0\u00a0 la question<\/p>\n<p>\"<span style=\"color: #008cff;\">Quelles solutions pour stopper le r\u00e9chauffement climatique ?<\/span>\",<\/p>\n<p><span style=\"color: #008cff;\">Deux soir\u00e9es <\/span>nous permettrons un d\u00e9bat r\u00e9fl\u00e9chi.\u00a0 Un groupe de <span style=\"color: #008cff;\">12 personnes<\/span> para\u00eet adapt\u00e9.<\/p>\n<\/div>\n<\/div><\/div><\/div><div id=\"pgc-1410-0-1\"  class=\"panel-grid-cell\" ><div id=\"panel-1410-0-1-0\" class=\"so-panel widget widget_sow-image panel-first-child panel-last-child\" data-index=\"1\" ><div\n\t\t\t\n\t\t\tclass=\"so-widget-sow-image so-widget-sow-image-default-8b5b6f678277-1410\"\n\t\t\t\n\t\t>\n\n<div class=\"sow-image-container\">\n\t\t\t<a href=\"https:\/\/idee.gilles.link\/index.php\/invitation\/\"\n\t\t\t\t\t>\n\t\t\t<img loading=\"lazy\" decoding=\"async\" src=\"https:\/\/idee.gilles.link\/wp-content\/uploads\/2021\/05\/lire.png\" width=\"70\" height=\"70\" sizes=\"auto, (max-width: 70px) 100vw, 70px\" title=\"lire+\" alt=\"\" \t\tclass=\"so-widget-image\"\/>\n\t<\/a><\/div>\n\n<\/div><\/div><\/div><\/div><div id=\"pg-1410-1\"  class=\"panel-grid panel-no-style\" ><div id=\"pgc-1410-1-0\"  class=\"panel-grid-cell\" ><div id=\"panel-1410-1-0-0\" class=\"so-panel widget widget_sow-editor panel-first-child panel-last-child\" data-index=\"2\" ><div\n\t\t\t\n\t\t\tclass=\"so-widget-sow-editor so-widget-sow-editor-base\"\n\t\t\t\n\t\t>\n<div class=\"siteorigin-widget-tinymce textwidget\">\n\t<h1><span style=\"color: #008cff;\">Pourquoi ce d\u00e9bat ?<\/span><\/h1>\n<p>Aller au-del\u00e0 de la vulgarisation scientifique et des enjeux.<\/p>\n<p>Quelles sont les logiques qui nous guident vers la cible ? Quelles sont les solutions?<\/p>\n<p>Le d\u00e9bat est devenu tabou au quotidien. <span style=\"color: #008cff;\">Savons-nous encore d\u00e9battre<\/span> ? Comment savoir que penser sans en discuter avec d'autre? Comment faire soci\u00e9t\u00e9 sans nous parler ?<\/p>\n<\/div>\n<\/div><\/div><\/div><div id=\"pgc-1410-1-1\"  class=\"panel-grid-cell\" ><div id=\"panel-1410-1-1-0\" class=\"so-panel widget widget_sow-image panel-first-child panel-last-child\" data-index=\"3\" ><div\n\t\t\t\n\t\t\tclass=\"so-widget-sow-image so-widget-sow-image-default-8b5b6f678277-1410\"\n\t\t\t\n\t\t>\n\n<div class=\"sow-image-container\">\n\t\t\t<a href=\"https:\/\/idee.gilles.link\/index.php\/pourquoi-debattre\/\"\n\t\t\t\t\t>\n\t\t\t<img loading=\"lazy\" decoding=\"async\" src=\"https:\/\/idee.gilles.link\/wp-content\/uploads\/2021\/05\/lire.png\" width=\"70\" height=\"70\" sizes=\"auto, (max-width: 70px) 100vw, 70px\" title=\"lire+\" alt=\"\" \t\tclass=\"so-widget-image\"\/>\n\t<\/a><\/div>\n\n<\/div><\/div><\/div><\/div><div id=\"pg-1410-2\"  class=\"panel-grid panel-no-style\" ><div id=\"pgc-1410-2-0\"  class=\"panel-grid-cell\" ><div id=\"panel-1410-2-0-0\" class=\"so-panel widget widget_sow-editor panel-first-child\" data-index=\"4\" ><div\n\t\t\t\n\t\t\tclass=\"so-widget-sow-editor so-widget-sow-editor-base\"\n\t\t\t\n\t\t>\n<div class=\"siteorigin-widget-tinymce textwidget\">\n\t<h1><span style=\"color: #008cff;\">T\u00e9moignages<\/span><\/h1>\n<h3><span style=\"color: #666699;\">Marc<\/span> :<\/h3>\n<p>\"<em> D'\u00e9changer avec d'autres personnes me permet de mieux me positionner ou au contraire de changer un petit peu mon avis personnel . Je trouve \u00e7a tr\u00e8s riche.<\/em>\"<\/p>\n<p>&nbsp;<\/p>\n<\/div>\n<\/div><\/div><div id=\"panel-1410-2-0-1\" class=\"so-panel widget widget_media_audio panel-last-child\" data-index=\"5\" ><h3 class=\"widget-title\">Sandra :<\/h3><!--[if lt IE 9]><script>document.createElement('audio');<\/script><![endif]-->\n<audio class=\"wp-audio-shortcode\" id=\"audio-1410-1\" preload=\"none\" style=\"width: 100%;\" controls=\"controls\"><source type=\"audio\/wav\" src=\"https:\/\/idee.gilles.link\/wp-content\/uploads\/2023\/04\/Sandra.wav?_=1\" \/><source type=\"audio\/wav\" src=\"https:\/\/idee.gilles.link\/wp-content\/uploads\/2023\/04\/Sandra.wav?_=1\" \/><a href=\"https:\/\/idee.gilles.link\/wp-content\/uploads\/2023\/04\/Sandra.wav\">https:\/\/idee.gilles.link\/wp-content\/uploads\/2023\/04\/Sandra.wav<\/a><\/audio><\/div><\/div><div id=\"pgc-1410-2-1\"  class=\"panel-grid-cell\" ><div id=\"panel-1410-2-1-0\" class=\"so-panel widget widget_sow-image panel-first-child panel-last-child\" data-index=\"6\" ><div\n\t\t\t\n\t\t\tclass=\"so-widget-sow-image so-widget-sow-image-default-8b5b6f678277-1410\"\n\t\t\t\n\t\t>\n\n<div class=\"sow-image-container\">\n\t\t\t<a href=\"https:\/\/idee.gilles.link\/index.php\/temoignages\/\"\n\t\t\t\t\t>\n\t\t\t<img loading=\"lazy\" decoding=\"async\" src=\"https:\/\/idee.gilles.link\/wp-content\/uploads\/2021\/05\/lire.png\" width=\"70\" height=\"70\" sizes=\"auto, (max-width: 70px) 100vw, 70px\" title=\"lire+\" alt=\"\" \t\tclass=\"so-widget-image\"\/>\n\t<\/a><\/div>\n\n<\/div><\/div><\/div><\/div><div id=\"pg-1410-3\"  class=\"panel-grid panel-no-style\" ><div id=\"pgc-1410-3-0\"  class=\"panel-grid-cell\" ><div id=\"panel-1410-3-0-0\" class=\"so-panel widget widget_sow-editor panel-first-child panel-last-child\" data-index=\"7\" ><div\n\t\t\t\n\t\t\tclass=\"so-widget-sow-editor so-widget-sow-editor-base\"\n\t\t\t\n\t\t>\n<div class=\"siteorigin-widget-tinymce textwidget\">\n\t<h1><span style=\"color: #008cff;\">Partis-pris<\/span><\/h1>\n<p>Pour r\u00e9apprendre \u00e0 d\u00e9battre, il faut du <span style=\"color: #008cff;\">temps<\/span> !<\/p>\n<p>Pour comprendre intimement il faut chacun, refaire un cheminement de pens\u00e9e, il faut du <span style=\"color: #008cff;\">temps<\/span>.<\/p>\n<p>Chaque pens\u00e9e compte. Chacun, fort de son exp\u00e9rience a une intuition. L'expression n'est pas spontan\u00e9e. Il faut du <span style=\"color: #008cff;\">temps<\/span>.<\/p>\n<p>&nbsp;<\/p>\n<\/div>\n<\/div><\/div><\/div><div id=\"pgc-1410-3-1\"  class=\"panel-grid-cell\" ><div id=\"panel-1410-3-1-0\" class=\"so-panel widget widget_sow-image panel-first-child panel-last-child\" data-index=\"8\" ><div\n\t\t\t\n\t\t\tclass=\"so-widget-sow-image so-widget-sow-image-default-8b5b6f678277-1410\"\n\t\t\t\n\t\t>\n\n<div class=\"sow-image-container\">\n\t\t\t<a href=\"https:\/\/idee.gilles.link\/index.php\/partis-pris\/\"\n\t\t\t\t\t>\n\t\t\t<img loading=\"lazy\" decoding=\"async\" src=\"https:\/\/idee.gilles.link\/wp-content\/uploads\/2021\/05\/lire.png\" width=\"70\" height=\"70\" sizes=\"auto, (max-width: 70px) 100vw, 70px\" title=\"lire+\" alt=\"\" \t\tclass=\"so-widget-image\"\/>\n\t<\/a><\/div>\n\n<\/div><\/div><\/div><\/div><div id=\"pg-1410-4\"  class=\"panel-grid panel-no-style\" ><div id=\"pgc-1410-4-0\"  class=\"panel-grid-cell\" ><div id=\"panel-1410-4-0-0\" class=\"so-panel widget widget_sow-editor panel-first-child panel-last-child\" data-index=\"9\" ><div\n\t\t\t\n\t\t\tclass=\"so-widget-sow-editor so-widget-sow-editor-base\"\n\t\t\t\n\t\t>\n<div class=\"siteorigin-widget-tinymce textwidget\">\n\t<h1><span style=\"color: #008cff;\">En pratique<\/span><\/h1>\n<p>Vous me contactez, l'animation est <span style=\"color: #008cff;\">gratuite<\/span> et \u00e0 adapter au public et \u00e0 vos envies<\/p>\n<p>Vous vous chargez des invitations, du lieu et organisez un temps <span style=\"color: #008cff;\">convivial<\/span> (buffet, ..)<\/p>\n<p>&nbsp;<\/p>\n<\/div>\n<\/div><\/div><\/div><div id=\"pgc-1410-4-1\"  class=\"panel-grid-cell\" ><div id=\"panel-1410-4-1-0\" class=\"so-panel widget widget_sow-image panel-first-child panel-last-child\" data-index=\"10\" ><div\n\t\t\t\n\t\t\tclass=\"so-widget-sow-image so-widget-sow-image-default-8b5b6f678277-1410\"\n\t\t\t\n\t\t>\n\n<div class=\"sow-image-container\">\n\t\t\t<a href=\"https:\/\/idee.gilles.link\/index.php\/debat-pratique\/\"\n\t\t\t\t\t>\n\t\t\t<img loading=\"lazy\" decoding=\"async\" src=\"https:\/\/idee.gilles.link\/wp-content\/uploads\/2021\/05\/lire.png\" width=\"70\" height=\"70\" sizes=\"auto, (max-width: 70px) 100vw, 70px\" title=\"lire+\" alt=\"\" \t\tclass=\"so-widget-image\"\/>\n\t<\/a><\/div>\n\n<\/div><\/div><\/div><\/div><div id=\"pg-1410-5\"  class=\"panel-grid panel-no-style\" ><div id=\"pgc-1410-5-0\"  class=\"panel-grid-cell panel-grid-cell-mobile-last\" ><div id=\"panel-1410-5-0-0\" class=\"so-panel widget widget_sow-editor panel-first-child panel-last-child\" data-index=\"11\" ><div\n\t\t\t\n\t\t\tclass=\"so-widget-sow-editor so-widget-sow-editor-base\"\n\t\t\t\n\t\t>\n<div class=\"siteorigin-widget-tinymce textwidget\">\n\t<p>MAJ : Mars 2023<\/p>\n<\/div>\n<\/div><\/div><\/div><div id=\"pgc-1410-5-1\"  class=\"panel-grid-cell panel-grid-cell-empty\" ><\/div><\/div><\/div>","protected":false},"excerpt":{"rendered":"<p>Invitation C\u2019\u00e9tait quand votre dernier d\u00e9bat (de philosophie) politique ? Venez conforter, confronter vos opinions face \u00e0\u00a0 la question \u00ab\u00a0Quelles solutions pour stopper le r\u00e9chauffement climatique ?\u00a0\u00bb, Deux soir\u00e9es nous permettrons un d\u00e9bat r\u00e9fl\u00e9chi.\u00a0 Un groupe de 12 personnes para\u00eet adapt\u00e9. Pourquoi ce d\u00e9bat ? Aller au-del\u00e0 de la vulgarisation scientifique et des enjeux. Quelles [&hellip;]<\/p>\n","protected":false},"author":1,"featured_media":0,"parent":0,"menu_order":15,"comment_status":"closed","ping_status":"closed","template":"templates\/template-full-notitle.php","meta":{"footnotes":""},"class_list":["post-1410","page","type-page","status-publish","hentry"],"_links":{"self":[{"href":"https:\/\/idee.gilles.link\/index.php\/wp-json\/wp\/v2\/pages\/1410","targetHints":{"allow":["GET"]}}],"collection":[{"href":"https:\/\/idee.gilles.link\/index.php\/wp-json\/wp\/v2\/pages"}],"about":[{"href":"https:\/\/idee.gilles.link\/index.php\/wp-json\/wp\/v2\/types\/page"}],"author":[{"embeddable":true,"href":"https:\/\/idee.gilles.link\/index.php\/wp-json\/wp\/v2\/users\/1"}],"replies":[{"embeddable":true,"href":"https:\/\/idee.gilles.link\/index.php\/wp-json\/wp\/v2\/comments?post=1410"}],"version-history":[{"count":3,"href":"https:\/\/idee.gilles.link\/index.php\/wp-json\/wp\/v2\/pages\/1410\/revisions"}],"predecessor-version":[{"id":1570,"href":"https:\/\/idee.gilles.link\/index.php\/wp-json\/wp\/v2\/pages\/1410\/revisions\/1570"}],"wp:attachment":[{"href":"https:\/\/idee.gilles.link\/index.php\/wp-json\/wp\/v2\/media?parent=1410"}],"curies":[{"name":"wp","href":"https:\/\/api.w.org\/{rel}","templated":true}]}}