{"id":1381,"date":"2023-03-26T22:22:33","date_gmt":"2023-03-26T20:22:33","guid":{"rendered":"https:\/\/idee.gilles.link\/?page_id=1381"},"modified":"2023-03-26T23:13:51","modified_gmt":"2023-03-26T21:13:51","slug":"acceptabilite","status":"publish","type":"page","link":"https:\/\/idee.gilles.link\/index.php\/vision\/objectifs\/acceptabilite\/","title":{"rendered":"Acceptabilit\u00e9"},"content":{"rendered":"<div id=\"pl-1381\"  class=\"panel-layout\" ><div id=\"pg-1381-0\"  class=\"panel-grid panel-no-style\" ><div id=\"pgc-1381-0-0\"  class=\"panel-grid-cell\" ><div id=\"panel-1381-0-0-0\" class=\"so-panel widget widget_sow-editor panel-first-child panel-last-child\" data-index=\"0\" ><div\n\t\t\t\n\t\t\tclass=\"so-widget-sow-editor so-widget-sow-editor-base\"\n\t\t\t\n\t\t>\n<div class=\"siteorigin-widget-tinymce textwidget\">\n\t<h1>L'acceptabilit\u00e9<\/h1>\n<\/div>\n<\/div><\/div><\/div><div id=\"pgc-1381-0-1\"  class=\"panel-grid-cell\" ><div id=\"panel-1381-0-1-0\" class=\"so-panel widget widget_sow-image panel-first-child panel-last-child\" data-index=\"1\" ><div\n\t\t\t\n\t\t\tclass=\"so-widget-sow-image so-widget-sow-image-default-8b5b6f678277-1381\"\n\t\t\t\n\t\t>\n\n<div class=\"sow-image-container\">\n\t\t\t<a href=\"https:\/\/idee.gilles.link\/index.php\/vision\/objectifs\/\"\n\t\t\t\t\t>\n\t\t\t<img loading=\"lazy\" decoding=\"async\" src=\"https:\/\/idee.gilles.link\/wp-content\/uploads\/2021\/05\/retour-1.png\" width=\"70\" height=\"70\" sizes=\"auto, (max-width: 70px) 100vw, 70px\" title=\"retour\" alt=\"\" \t\tclass=\"so-widget-image\"\/>\n\t<\/a><\/div>\n\n<\/div><\/div><\/div><\/div><div id=\"pg-1381-1\"  class=\"panel-grid panel-no-style\" ><div id=\"pgc-1381-1-0\"  class=\"panel-grid-cell\" ><div id=\"panel-1381-1-0-0\" class=\"so-panel widget widget_sow-editor panel-first-child panel-last-child\" data-index=\"2\" ><div\n\t\t\t\n\t\t\tclass=\"so-widget-sow-editor so-widget-sow-editor-base\"\n\t\t\t\n\t\t>\n<div class=\"siteorigin-widget-tinymce textwidget\">\n\t<p>La contrainte\u00a0 est l\u2019effort par unit\u00e9 de temps pour r\u00e9pondre \u00e0 une injonction . Avec une d\u00e9finition relative et non pas absolue :\u00a0 par exemple courir\u00a0 \u00e0 80 % de sa capacit\u00e9 pendant une heure.<\/p>\n<p>La contrainte peut porter sur tous les acteurs (entreprises, m\u00e9nages, ...). Un effort financier finit aussi par \u00eatre une contrainte.<\/p>\n<p>Il est facile d'imaginer que les contraintes augmentent avec le taux de r\u00e9duction des \u00e9missions que l'on doit atteindre. On peut faire l'hypoth\u00e9se que les contraintes et le taux de r\u00e9duction sont proportionnels.<\/p>\n<p>Si ainsi, la contrainte pourrait \u00eatre collectivement estim\u00e9e, il n'en va pas de m\u00eame pour l'acceptabilit\u00e9 de la contrainte qui tient compte aussi du ressenti individuel : on peut prendre plaisir \u00e0 courir ...<\/p>\n<p>&nbsp;<\/p>\n<p>Pour accepter il faut comprendre. Si on ne comprend pas (bien) le probl\u00e8me, quelle chance a-t-on d'accepter une solution \u00e0 un probl\u00e9me qui pour nous n'existe pas vraiement. L'effort de p\u00e9dagogie restant \u00e0 faire est encore immense.<\/p>\n<p>Pour accepter il faut que la contrainte paraisse l\u00e9gitime. On peut distinguer une l\u00e9gitimit\u00e9 physique et une l\u00e9gitimit\u00e9 d\u00e9mocratique. Le fait que le GIEC travaille \u00e0 un consensus scientifique, lui donne cette l\u00e9gitimit\u00e9 physique. Pour la l\u00e9gitimit\u00e9 d\u00e9mocratique, il reste tant \u00e0 faire. La d\u00e9mocratie ne garantit pas l'atteinte de l'objectif, d'autant que les g\u00e9n\u00e9rations concern\u00e9es n'ont gu\u00e8re la parole. Mais elle le rend plus acceptable. Que vaut-il mieux baisser ses ambitions et les tenir ou relever ses ambitions et obtenir la r\u00e9volte ? Pas de bonne r\u00e9ponse.<\/p>\n<p>Pour accepter Il faut que un choix soit permis, au moins collectivement. On peut penser au choix des solutions et \u00e0 leur pilotage dans le temps. On peut faire l\u2019analogie avec le consentement \u00e0 l\u2019imp\u00f4t.<\/p>\n<p>Pour accepter il faut que les contraintes soit \u00e9quitablement r\u00e9parties. Dans l'espace et dans le temps.<\/p>\n<\/div>\n<\/div><\/div><\/div><\/div><div id=\"pg-1381-2\"  class=\"panel-grid panel-no-style\" ><div id=\"pgc-1381-2-0\"  class=\"panel-grid-cell panel-grid-cell-mobile-last\" ><div id=\"panel-1381-2-0-0\" class=\"so-panel widget widget_sow-editor panel-first-child panel-last-child\" data-index=\"3\" ><div\n\t\t\t\n\t\t\tclass=\"so-widget-sow-editor so-widget-sow-editor-base\"\n\t\t\t\n\t\t>\n<div class=\"siteorigin-widget-tinymce textwidget\">\n\t<p>Maj : Mars 2023<\/p>\n<\/div>\n<\/div><\/div><\/div><div id=\"pgc-1381-2-1\"  class=\"panel-grid-cell panel-grid-cell-empty\" ><\/div><\/div><\/div>","protected":false},"excerpt":{"rendered":"<p>L&rsquo;acceptabilit\u00e9 La contrainte\u00a0 est l\u2019effort par unit\u00e9 de temps pour r\u00e9pondre \u00e0 une injonction . Avec une d\u00e9finition relative et non pas absolue :\u00a0 par exemple courir\u00a0 \u00e0 80 % de sa capacit\u00e9 pendant une heure. La contrainte peut porter sur tous les acteurs (entreprises, m\u00e9nages, &#8230;). Un effort financier finit aussi par \u00eatre une [&hellip;]<\/p>\n","protected":false},"author":1,"featured_media":0,"parent":1239,"menu_order":8,"comment_status":"closed","ping_status":"closed","template":"templates\/template-full-notitle.php","meta":{"footnotes":""},"class_list":["post-1381","page","type-page","status-publish","hentry"],"_links":{"self":[{"href":"https:\/\/idee.gilles.link\/index.php\/wp-json\/wp\/v2\/pages\/1381","targetHints":{"allow":["GET"]}}],"collection":[{"href":"https:\/\/idee.gilles.link\/index.php\/wp-json\/wp\/v2\/pages"}],"about":[{"href":"https:\/\/idee.gilles.link\/index.php\/wp-json\/wp\/v2\/types\/page"}],"author":[{"embeddable":true,"href":"https:\/\/idee.gilles.link\/index.php\/wp-json\/wp\/v2\/users\/1"}],"replies":[{"embeddable":true,"href":"https:\/\/idee.gilles.link\/index.php\/wp-json\/wp\/v2\/comments?post=1381"}],"version-history":[{"count":3,"href":"https:\/\/idee.gilles.link\/index.php\/wp-json\/wp\/v2\/pages\/1381\/revisions"}],"predecessor-version":[{"id":1397,"href":"https:\/\/idee.gilles.link\/index.php\/wp-json\/wp\/v2\/pages\/1381\/revisions\/1397"}],"up":[{"embeddable":true,"href":"https:\/\/idee.gilles.link\/index.php\/wp-json\/wp\/v2\/pages\/1239"}],"wp:attachment":[{"href":"https:\/\/idee.gilles.link\/index.php\/wp-json\/wp\/v2\/media?parent=1381"}],"curies":[{"name":"wp","href":"https:\/\/api.w.org\/{rel}","templated":true}]}}