{"id":104,"date":"2021-05-05T17:43:10","date_gmt":"2021-05-05T15:43:10","guid":{"rendered":"https:\/\/idee.gilles.link\/?page_id=104"},"modified":"2021-05-12T17:06:04","modified_gmt":"2021-05-12T15:06:04","slug":"site","status":"publish","type":"page","link":"https:\/\/idee.gilles.link\/index.php\/infos\/site\/","title":{"rendered":"Plan du site"},"content":{"rendered":"<div id=\"pl-104\"  class=\"panel-layout\" ><div id=\"pg-104-0\"  class=\"panel-grid panel-no-style\" ><div id=\"pgc-104-0-0\"  class=\"panel-grid-cell panel-grid-cell-mobile-last\" ><div id=\"panel-104-0-0-0\" class=\"so-panel widget widget_pages panel-first-child panel-last-child\" data-index=\"0\" ><h3 class=\"widget-title\">Plan du site<\/h3>\n\t\t\t<ul>\n\t\t\t\t<li class=\"page_item page-item-132 page_item_has_children\"><a href=\"https:\/\/idee.gilles.link\/\">accueil<\/a>\n<ul class='children'>\n\t<li class=\"page_item page-item-213\"><a href=\"https:\/\/idee.gilles.link\/index.php\/accueil\/refact-cest-ou\/\">Re(f)act c&rsquo;est o\u00f9 ?<\/a><\/li>\n<\/ul>\n<\/li>\n<li class=\"page_item page-item-140 page_item_has_children\"><a href=\"https:\/\/idee.gilles.link\/index.php\/etonnement\/\">\u00c9tonnement<\/a>\n<ul class='children'>\n\t<li class=\"page_item page-item-183\"><a href=\"https:\/\/idee.gilles.link\/index.php\/etonnement\/detail_question\/\">Une plan\u00e8te : sur qui compter ?<\/a><\/li>\n\t<li class=\"page_item page-item-179\"><a href=\"https:\/\/idee.gilles.link\/index.php\/etonnement\/detail_empreinte\/\">Notre empreinte sur terre<\/a><\/li>\n\t<li class=\"page_item page-item-175\"><a href=\"https:\/\/idee.gilles.link\/index.php\/etonnement\/detail_evidence\/\">Une question d\u2019\u00e9vidence<\/a><\/li>\n\t<li class=\"page_item page-item-670\"><a href=\"https:\/\/idee.gilles.link\/index.php\/etonnement\/doute\/\">Doute<\/a><\/li>\n<\/ul>\n<\/li>\n<li class=\"page_item page-item-219 page_item_has_children\"><a href=\"https:\/\/idee.gilles.link\/index.php\/proposition\/\">Proposition<\/a>\n<ul class='children'>\n\t<li class=\"page_item page-item-254\"><a href=\"https:\/\/idee.gilles.link\/index.php\/proposition\/deja\/\">Mais compter on le fait d\u00e9j\u00e0<\/a><\/li>\n\t<li class=\"page_item page-item-262\"><a href=\"https:\/\/idee.gilles.link\/index.php\/proposition\/refacturation\/\">Refacturation<\/a><\/li>\n<\/ul>\n<\/li>\n<li class=\"page_item page-item-48 page_item_has_children\"><a href=\"https:\/\/idee.gilles.link\/index.php\/directrices\/\">Lignes Directrices<\/a>\n<ul class='children'>\n\t<li class=\"page_item page-item-64 page_item_has_children\"><a href=\"https:\/\/idee.gilles.link\/index.php\/directrices\/comptabilite\/\">Comptabilit\u00e9<\/a>\n\t<ul class='children'>\n\t\t<li class=\"page_item page-item-283\"><a href=\"https:\/\/idee.gilles.link\/index.php\/directrices\/comptabilite\/bilan\/\">Bilan<\/a><\/li>\n\t\t<li class=\"page_item page-item-290\"><a href=\"https:\/\/idee.gilles.link\/index.php\/directrices\/comptabilite\/tolerance\/\">Tol\u00e9rance<\/a><\/li>\n\t<\/ul>\n<\/li>\n\t<li class=\"page_item page-item-348 page_item_has_children\"><a href=\"https:\/\/idee.gilles.link\/index.php\/directrices\/calcul\/\">Poids carbone<\/a>\n\t<ul class='children'>\n\t\t<li class=\"page_item page-item-362\"><a href=\"https:\/\/idee.gilles.link\/index.php\/directrices\/calcul\/poids-complet\/\">poids carbone complet<\/a><\/li>\n\t<\/ul>\n<\/li>\n\t<li class=\"page_item page-item-926\"><a href=\"https:\/\/idee.gilles.link\/index.php\/directrices\/controler\/\">Contr\u00f4ler<\/a><\/li>\n<\/ul>\n<\/li>\n<li class=\"page_item page-item-98 page_item_has_children\"><a href=\"https:\/\/idee.gilles.link\/index.php\/vision\/\">Vision<\/a>\n<ul class='children'>\n\t<li class=\"page_item page-item-414\"><a href=\"https:\/\/idee.gilles.link\/index.php\/vision\/une-contraire\/\">Une chose et son contraire<\/a><\/li>\n\t<li class=\"page_item page-item-423\"><a href=\"https:\/\/idee.gilles.link\/index.php\/vision\/enfer\/\">L&rsquo;enfer c&rsquo;est qui ?<\/a><\/li>\n\t<li class=\"page_item page-item-391\"><a href=\"https:\/\/idee.gilles.link\/index.php\/vision\/changer-methodes\/\">Changer de m\u00e9thodes<\/a><\/li>\n\t<li class=\"page_item page-item-401\"><a href=\"https:\/\/idee.gilles.link\/index.php\/vision\/retro\/\">R\u00e9tro-obligations<\/a><\/li>\n\t<li class=\"page_item page-item-568\"><a href=\"https:\/\/idee.gilles.link\/index.php\/vision\/justice-sociale\/\">Justice sociale<\/a><\/li>\n\t<li class=\"page_item page-item-588\"><a href=\"https:\/\/idee.gilles.link\/index.php\/vision\/dictature-democratie\/\">Dans ma dictature il y a &#8230;<\/a><\/li>\n\t<li class=\"page_item page-item-609\"><a href=\"https:\/\/idee.gilles.link\/index.php\/vision\/courage\/\">Engrenages &#8230;<\/a><\/li>\n\t<li class=\"page_item page-item-620\"><a href=\"https:\/\/idee.gilles.link\/index.php\/vision\/responsabilite\/\">Co-responsabilit\u00e9<\/a><\/li>\n\t<li class=\"page_item page-item-634\"><a href=\"https:\/\/idee.gilles.link\/index.php\/vision\/budget\/\">R\u00e9partir le budget carbone<\/a><\/li>\n\t<li class=\"page_item page-item-314\"><a href=\"https:\/\/idee.gilles.link\/index.php\/vision\/compare_comptabilites\/\">Comparer les comptabilit\u00e9s<\/a><\/li>\n\t<li class=\"page_item page-item-319 page_item_has_children\"><a href=\"https:\/\/idee.gilles.link\/index.php\/vision\/compare_valorisations\/\">Comparer les valorisations<\/a>\n\t<ul class='children'>\n\t\t<li class=\"page_item page-item-781\"><a href=\"https:\/\/idee.gilles.link\/index.php\/vision\/compare_valorisations\/progres\/\">Progr\u00e8s dans le temps<\/a><\/li>\n\t<\/ul>\n<\/li>\n\t<li class=\"page_item page-item-854\"><a href=\"https:\/\/idee.gilles.link\/index.php\/vision\/utilisation\/\">Pour quelles utilisations<\/a><\/li>\n\t<li class=\"page_item page-item-1239 page_item_has_children\"><a href=\"https:\/\/idee.gilles.link\/index.php\/vision\/objectifs\/\">Pour quels objectifs ?<\/a>\n\t<ul class='children'>\n\t\t<li class=\"page_item page-item-1266 page_item_has_children\"><a href=\"https:\/\/idee.gilles.link\/index.php\/vision\/objectifs\/empreinte\/\">Empreinte<\/a>\n\t\t<ul class='children'>\n\t\t\t<li class=\"page_item page-item-1280\"><a href=\"https:\/\/idee.gilles.link\/index.php\/vision\/objectifs\/empreinte\/impact-territoire\/\">Empreinte territoire<\/a><\/li>\n\t\t<\/ul>\n<\/li>\n\t\t<li class=\"page_item page-item-1313\"><a href=\"https:\/\/idee.gilles.link\/index.php\/vision\/objectifs\/budget_definition\/\">Budget_definition<\/a><\/li>\n\t\t<li class=\"page_item page-item-1327\"><a href=\"https:\/\/idee.gilles.link\/index.php\/vision\/objectifs\/perception-obligation\/\">perception obligation<\/a><\/li>\n\t\t<li class=\"page_item page-item-1361\"><a href=\"https:\/\/idee.gilles.link\/index.php\/vision\/objectifs\/justice-climatique\/\">La justice climatique<\/a><\/li>\n\t\t<li class=\"page_item page-item-1381\"><a href=\"https:\/\/idee.gilles.link\/index.php\/vision\/objectifs\/acceptabilite\/\">Acceptabilit\u00e9<\/a><\/li>\n\t<\/ul>\n<\/li>\n\t<li class=\"page_item page-item-871\"><a href=\"https:\/\/idee.gilles.link\/index.php\/vision\/critiques\/\">Critiques<\/a><\/li>\n\t<li class=\"page_item page-item-911\"><a href=\"https:\/\/idee.gilles.link\/index.php\/vision\/temps\/\">Si peu de temps<\/a><\/li>\n<\/ul>\n<\/li>\n<li class=\"page_item page-item-1410 page_item_has_children\"><a href=\"https:\/\/idee.gilles.link\/index.php\/debat\/\">D\u00e9bat<\/a>\n<ul class='children'>\n\t<li class=\"page_item page-item-1415\"><a href=\"https:\/\/idee.gilles.link\/index.php\/debat\/invitation\/\">Invitation<\/a><\/li>\n\t<li class=\"page_item page-item-1430\"><a href=\"https:\/\/idee.gilles.link\/index.php\/debat\/pourquoi-debattre\/\">Pourquoi d\u00e9battre<\/a><\/li>\n\t<li class=\"page_item page-item-1535\"><a href=\"https:\/\/idee.gilles.link\/index.php\/debat\/temoignages\/\">t\u00e9moignages<\/a><\/li>\n\t<li class=\"page_item page-item-1449\"><a href=\"https:\/\/idee.gilles.link\/index.php\/debat\/partis-pris\/\">Partis-pris<\/a><\/li>\n\t<li class=\"page_item page-item-1479\"><a href=\"https:\/\/idee.gilles.link\/index.php\/debat\/debat-pratique\/\">debat-pratique<\/a><\/li>\n<\/ul>\n<\/li>\n<li class=\"page_item page-item-330 page_item_has_children\"><a href=\"https:\/\/idee.gilles.link\/index.php\/infos\/\">Infos<\/a>\n<ul class='children'>\n\t<li class=\"page_item page-item-339\"><a href=\"https:\/\/idee.gilles.link\/index.php\/infos\/nous\/\">Qui Suis je ?<\/a><\/li>\n\t<li class=\"page_item page-item-337\"><a href=\"https:\/\/idee.gilles.link\/index.php\/infos\/travail\/\">Plan de travail<\/a><\/li>\n\t<li class=\"page_item page-item-333\"><a href=\"https:\/\/idee.gilles.link\/index.php\/infos\/confidentialite\/\">Confidentialit\u00e9<\/a><\/li>\n\t<li class=\"page_item page-item-335\"><a href=\"https:\/\/idee.gilles.link\/index.php\/infos\/avertissement\/\">Avertissement<\/a><\/li>\n\t<li class=\"page_item page-item-104\"><a href=\"https:\/\/idee.gilles.link\/index.php\/infos\/site\/\">Plan du site<\/a><\/li>\n\t<li class=\"page_item page-item-546\"><a href=\"https:\/\/idee.gilles.link\/index.php\/infos\/technique\/\">Technique<\/a><\/li>\n<\/ul>\n<\/li>\n\t\t\t<\/ul>\n\n\t\t\t<\/div><\/div><div id=\"pgc-104-0-1\"  class=\"panel-grid-cell panel-grid-cell-empty\" ><\/div><\/div><\/div>","protected":false},"excerpt":{"rendered":"<p>Plan du site accueil Re(f)act c&rsquo;est o\u00f9 ? \u00c9tonnement Une plan\u00e8te : sur qui compter ? Notre empreinte sur terre Une question d\u2019\u00e9vidence Doute Proposition Mais compter on le fait d\u00e9j\u00e0 Refacturation Lignes Directrices Comptabilit\u00e9 Bilan Tol\u00e9rance Poids carbone poids carbone complet Contr\u00f4ler Vision Une chose et son contraire L&rsquo;enfer c&rsquo;est qui ? Changer de [&hellip;]<\/p>\n","protected":false},"author":1,"featured_media":0,"parent":330,"menu_order":23,"comment_status":"closed","ping_status":"closed","template":"templates\/template-full-notitle.php","meta":{"footnotes":""},"class_list":["post-104","page","type-page","status-publish","hentry"],"_links":{"self":[{"href":"https:\/\/idee.gilles.link\/index.php\/wp-json\/wp\/v2\/pages\/104","targetHints":{"allow":["GET"]}}],"collection":[{"href":"https:\/\/idee.gilles.link\/index.php\/wp-json\/wp\/v2\/pages"}],"about":[{"href":"https:\/\/idee.gilles.link\/index.php\/wp-json\/wp\/v2\/types\/page"}],"author":[{"embeddable":true,"href":"https:\/\/idee.gilles.link\/index.php\/wp-json\/wp\/v2\/users\/1"}],"replies":[{"embeddable":true,"href":"https:\/\/idee.gilles.link\/index.php\/wp-json\/wp\/v2\/comments?post=104"}],"version-history":[{"count":3,"href":"https:\/\/idee.gilles.link\/index.php\/wp-json\/wp\/v2\/pages\/104\/revisions"}],"predecessor-version":[{"id":1062,"href":"https:\/\/idee.gilles.link\/index.php\/wp-json\/wp\/v2\/pages\/104\/revisions\/1062"}],"up":[{"embeddable":true,"href":"https:\/\/idee.gilles.link\/index.php\/wp-json\/wp\/v2\/pages\/330"}],"wp:attachment":[{"href":"https:\/\/idee.gilles.link\/index.php\/wp-json\/wp\/v2\/media?parent=104"}],"curies":[{"name":"wp","href":"https:\/\/api.w.org\/{rel}","templated":true}]}}